{"id":134,"date":"2023-07-13T08:55:05","date_gmt":"2023-07-13T08:55:05","guid":{"rendered":"https:\/\/microtactics.net\/?page_id=134"},"modified":"2024-04-17T11:01:49","modified_gmt":"2024-04-17T11:01:49","slug":"blog","status":"publish","type":"page","link":"https:\/\/microtactics.net\/en\/blog\/","title":{"rendered":"Blog"},"content":{"rendered":"[et_pb_section fb_built=\u00bb1&#8243; fullwidth=\u00bbon\u00bb _builder_version=\u00bb4.21.0&#8243; _module_preset=\u00bbdefault\u00bb background_enable_color=\u00bboff\u00bb global_colors_info=\u00bb{}\u00bb][et_pb_fullwidth_header title=\u00bbBlog\u00bb text_orientation=\u00bbcenter\u00bb content_max_width_tablet=\u00bb90vw\u00bb content_max_width_phone=\u00bb90vw\u00bb content_max_width_last_edited=\u00bboff|phone\u00bb module_class=\u00bbcustom-fd-header\u00bb _builder_version=\u00bb4.21.0&#8243; _module_preset=\u00bbdefault\u00bb title_font=\u00bbCore Circus||||||||\u00bb title_text_align=\u00bbcenter\u00bb title_font_size=\u00bb6.1vw\u00bb background_color=\u00bbrgba(83,144,160,0.07)\u00bb background_image=\u00bbhttps:\/\/microtactics.net\/wp-content\/uploads\/2023\/07\/Blog.jpg\u00bb background_position=\u00bbcenter_left\u00bb background_blend=\u00bbmultiply\u00bb width_tablet=\u00bb100vw\u00bb width_last_edited=\u00bboff|phone\u00bb max_width_tablet=\u00bb100vw\u00bb max_width_last_edited=\u00bboff|phone\u00bb module_alignment=\u00bbcenter\u00bb custom_padding=\u00bb19vw||17vw||false|false\u00bb custom_padding_tablet=\u00bb32vw||17vw||false|false\u00bb custom_padding_phone=\u00bb32vw||17vw||false|false\u00bb custom_padding_last_edited=\u00bbon|tablet\u00bb title_text_align_tablet=\u00bbcenter\u00bb title_text_align_phone=\u00bbcenter\u00bb title_text_align_last_edited=\u00bbon|phone\u00bb title_font_size_tablet=\u00bb5vw\u00bb title_font_size_phone=\u00bb8vw\u00bb title_font_size_last_edited=\u00bbon|phone\u00bb title_line_height_tablet=\u00bb1.2em\u00bb title_line_height_phone=\u00bb1.2em\u00bb title_line_height_last_edited=\u00bbon|phone\u00bb title_text_shadow_style=\u00bbpreset3&#8243; global_colors_info=\u00bb{}\u00bb][\/et_pb_fullwidth_header][\/et_pb_section][et_pb_section fb_built=\u00bb1&#8243; custom_padding_last_edited=\u00bbon|desktop\u00bb _builder_version=\u00bb4.21.0&#8243; _module_preset=\u00bbdefault\u00bb background_color=\u00bbrgba(223,230,243,0.33)\u00bb background_enable_image=\u00bboff\u00bb background_size=\u00bbcustom\u00bb custom_margin=\u00bb0px||0px||false|false\u00bb custom_padding=\u00bb5vw||4vw||false|false\u00bb custom_padding_tablet=\u00bb7vw||5vw||false|false\u00bb custom_padding_phone=\u00bb9vw||8vw||false|false\u00bb background_last_edited=\u00bboff|desktop\u00bb background_enable_image_phone=\u00bboff\u00bb background_size_tablet=\u00bbcontain\u00bb background_position_tablet=\u00bbbottom_center\u00bb global_colors_info=\u00bb{}\u00bb][et_pb_row _builder_version=\u00bb4.21.0&#8243; _module_preset=\u00bbdefault\u00bb width=\u00bb60vw\u00bb width_tablet=\u00bb90vw\u00bb width_phone=\u00bb90vw\u00bb width_last_edited=\u00bbon|tablet\u00bb max_width=\u00bb60vw\u00bb max_width_tablet=\u00bb90vw\u00bb max_width_phone=\u00bb90vw\u00bb max_width_last_edited=\u00bbon|desktop\u00bb custom_margin=\u00bb0px||0px||false|false\u00bb custom_margin_tablet=\u00bb0px||0px||false|false\u00bb custom_margin_phone=\u00bb||0px||false|false\u00bb custom_margin_last_edited=\u00bboff|desktop\u00bb custom_padding=\u00bb0px||0px||false|false\u00bb global_colors_info=\u00bb{}\u00bb][et_pb_column type=\u00bb4_4&#8243; _builder_version=\u00bb4.21.0&#8243; _module_preset=\u00bbdefault\u00bb global_colors_info=\u00bb{}\u00bb][et_pb_text _builder_version=\u00bb4.21.0&#8243; _module_preset=\u00bbdefault\u00bb text_font=\u00bbManrope||||||||\u00bb text_text_color=\u00bb#000000&#8243; text_font_size=\u00bb2vw\u00bb text_line_height=\u00bb1.2em\u00bb header_2_font=\u00bbPlus Jakarta Sans|700|||||||\u00bb header_2_text_align=\u00bbcenter\u00bb header_2_text_color=\u00bb#2d3958&#8243; header_2_font_size=\u00bb45px\u00bb header_2_line_height=\u00bb1.25em\u00bb text_orientation=\u00bbcenter\u00bb module_alignment=\u00bbcenter\u00bb custom_margin=\u00bb0px||27px||false|false\u00bb custom_margin_tablet=\u00bb0px||27px||false|false\u00bb custom_margin_phone=\u00bb0px||20px||false|false\u00bb custom_margin_last_edited=\u00bbon|phone\u00bb custom_padding=\u00bb0px||1px||false|false\u00bb animation_direction=\u00bbbottom\u00bb text_font_size_tablet=\u00bb3vw\u00bb text_font_size_phone=\u00bb5vw\u00bb text_font_size_last_edited=\u00bbon|phone\u00bb header_2_font_size_tablet=\u00bb45px\u00bb header_2_font_size_phone=\u00bb28px\u00bb header_2_font_size_last_edited=\u00bbon|phone\u00bb text_orientation_tablet=\u00bbcenter\u00bb text_orientation_phone=\u00bbleft\u00bb text_orientation_last_edited=\u00bbon|phone\u00bb global_colors_info=\u00bb{}\u00bb]<p><span style=\"font-weight: 400;\">In our SEO blog, you can learn our unique perspective on different aspects of this discipline. <\/span><span style=\"font-weight: 400;\">We hope you find our content useful.<\/span><\/p>[\/et_pb_text][et_pb_text _builder_version=\u00bb4.21.0&#8243; _module_preset=\u00bbdefault\u00bb text_font=\u00bbManrope||||||||\u00bb text_text_color=\u00bb#000000&#8243; text_font_size=\u00bb1.4vw\u00bb text_line_height=\u00bb1.2em\u00bb link_text_color=\u00bb#000000&#8243; header_2_font=\u00bbPlus Jakarta Sans|700|||||||\u00bb header_2_text_align=\u00bbcenter\u00bb header_2_text_color=\u00bb#2d3958&#8243; header_2_font_size=\u00bb45px\u00bb header_2_line_height=\u00bb1.25em\u00bb text_orientation=\u00bbcenter\u00bb module_alignment=\u00bbcenter\u00bb custom_margin=\u00bb0px||27px||false|false\u00bb custom_margin_tablet=\u00bb0px||27px||false|false\u00bb custom_margin_phone=\u00bb0px||20px||false|false\u00bb custom_margin_last_edited=\u00bbon|phone\u00bb custom_padding=\u00bb0px||0px||false|false\u00bb animation_direction=\u00bbbottom\u00bb text_font_size_tablet=\u00bb2.2vw\u00bb text_font_size_phone=\u00bb4.2vw\u00bb text_font_size_last_edited=\u00bbon|phone\u00bb header_2_font_size_tablet=\u00bb45px\u00bb header_2_font_size_phone=\u00bb28px\u00bb header_2_font_size_last_edited=\u00bbon|phone\u00bb text_orientation_tablet=\u00bbcenter\u00bb text_orientation_phone=\u00bbleft\u00bb text_orientation_last_edited=\u00bbon|phone\u00bb global_colors_info=\u00bb{}\u00bb]<p><span style=\"font-weight: 400;\">If you need more information, please <a href=\"https:\/\/microtactics.net\/en\/contacto\/\">contact us.<\/a> con nosotros.<\/span><\/p>[\/et_pb_text][et_pb_button button_url=\u00bbhttps:\/\/microtactics.net\/contacto\/\u00bb button_text=\u00bbCONTACTO\u00bb button_alignment=\u00bbcenter\u00bb disabled_on=\u00bbon|on|off\u00bb _builder_version=\u00bb4.22.0&#8243; _module_preset=\u00bbdefault\u00bb custom_button=\u00bbon\u00bb button_text_size=\u00bb0.8vw\u00bb button_text_color=\u00bb#ffffff\u00bb button_bg_color=\u00bb#0c354a\u00bb button_border_width=\u00bb2px\u00bb button_border_color=\u00bbRGBA(255,255,255,0)\u00bb button_border_radius=\u00bb0.7vw\u00bb button_letter_spacing=\u00bb1px\u00bb button_font=\u00bbManrope|600|||||||\u00bb button_use_icon=\u00bboff\u00bb positioning=\u00bbfixed\u00bb position_origin_f=\u00bbbottom_right\u00bb vertical_offset=\u00bb1vw\u00bb horizontal_offset=\u00bb2vw\u00bb z_index=\u00bb0&#8243; custom_padding=\u00bb1.1vw|1vw|1.1vw|1vw|true|true\u00bb hover_enabled=\u00bb0&#8243; global_colors_info=\u00bb{}\u00bb button_bg_color__hover_enabled=\u00bbon|hover\u00bb sticky_enabled=\u00bb0&#8243; button_bg_color__hover=\u00bb#5391a0&#8243; button_bg_enable_color__hover=\u00bbon\u00bb][\/et_pb_button][\/et_pb_column][\/et_pb_row][\/et_pb_section][et_pb_section fb_built=\u00bb1&#8243; custom_padding_last_edited=\u00bbon|tablet\u00bb _builder_version=\u00bb4.21.0&#8243; _module_preset=\u00bbdefault\u00bb overflow-x=\u00bbhidden\u00bb overflow-y=\u00bbhidden\u00bb custom_margin=\u00bb0px||0px||false|false\u00bb custom_padding=\u00bb4vw||5vw||false|false\u00bb custom_padding_tablet=\u00bb2vw||0vw||false|false\u00bb custom_padding_phone=\u00bb3vw||0vw||false|false\u00bb global_colors_info=\u00bb{}\u00bb][et_pb_row _builder_version=\u00bb4.21.0&#8243; _module_preset=\u00bbdefault\u00bb width=\u00bb70vw\u00bb width_tablet=\u00bb90vw\u00bb width_phone=\u00bb90vw\u00bb width_last_edited=\u00bbon|phone\u00bb max_width=\u00bb70vw\u00bb max_width_tablet=\u00bb90vw\u00bb max_width_phone=\u00bb90vw\u00bb max_width_last_edited=\u00bbon|desktop\u00bb global_colors_info=\u00bb{}\u00bb][et_pb_column type=\u00bb4_4&#8243; _builder_version=\u00bb4.21.0&#8243; _module_preset=\u00bbdefault\u00bb global_colors_info=\u00bb{}\u00bb][et_pb_blog fullwidth=\u00bboff\u00bb include_categories=\u00bb13&#8243; excerpt_length=\u00bb15&#8243; show_more=\u00bbon\u00bb show_categories=\u00bboff\u00bb module_class=\u00bbcm-module\u00bb _builder_version=\u00bb4.21.0&#8243; _module_preset=\u00bbdefault\u00bb header_font=\u00bbManrope|600|||||||\u00bb header_text_color=\u00bb#000000&#8243; header_font_size=\u00bb1.3vw\u00bb header_line_height=\u00bb1.2em\u00bb body_text_color=\u00bb#000000&#8243; body_font_size=\u00bb1vw\u00bb body_line_height=\u00bb1.3em\u00bb meta_font_size=\u00bb0.89vw\u00bb meta_line_height=\u00bb1.5em\u00bb read_more_font_size=\u00bb1.1vw\u00bb pagination_font=\u00bbManrope||||||||\u00bb pagination_text_color=\u00bb#0c354a\u00bb pagination_font_size=\u00bb1vw\u00bb pagination_line_height=\u00bb1.6em\u00bb header_font_size_tablet=\u00bb3.1vw\u00bb header_font_size_phone=\u00bb6vw\u00bb header_font_size_last_edited=\u00bbon|phone\u00bb body_font_size_tablet=\u00bb2.2vw\u00bb body_font_size_phone=\u00bb4.2vw\u00bb body_font_size_last_edited=\u00bbon|tablet\u00bb meta_font_size_tablet=\u00bb1.9vw\u00bb meta_font_size_phone=\u00bb4vw\u00bb meta_font_size_last_edited=\u00bbon|phone\u00bb read_more_font_size_tablet=\u00bb2.3vw\u00bb read_more_font_size_phone=\u00bb4.2vw\u00bb read_more_font_size_last_edited=\u00bbon|phone\u00bb pagination_font_size_tablet=\u00bb2.1vw\u00bb pagination_font_size_phone=\u00bb4vw\u00bb pagination_font_size_last_edited=\u00bbon|phone\u00bb border_width_all=\u00bb0px\u00bb global_colors_info=\u00bb{}\u00bb][\/et_pb_blog][\/et_pb_column][\/et_pb_row][\/et_pb_section]","protected":false},"excerpt":{"rendered":"<p>En nuestro blog de SEO podr\u00e1s conocer nuestra perspectiva \u00fanica sobre distintas dimensiones de esta disciplina. Esperamos que nuestro contenido te sea de utilidad.Si necesitas m\u00e1s informaci\u00f3n ponte en contacto con nosotros.<\/p>","protected":false},"author":1,"featured_media":2639,"parent":0,"menu_order":0,"comment_status":"closed","ping_status":"closed","template":"","meta":{"_et_pb_use_builder":"on","_et_pb_old_content":"","_et_gb_content_width":"","om_disable_all_campaigns":false,"_monsterinsights_skip_tracking":false,"_monsterinsights_sitenote_active":false,"_monsterinsights_sitenote_note":"","_monsterinsights_sitenote_category":0,"_uf_show_specific_survey":0,"_uf_disable_surveys":false,"footnotes":""},"class_list":["post-134","page","type-page","status-publish","has-post-thumbnail","hentry"],"jetpack_sharing_enabled":true,"_links":{"self":[{"href":"https:\/\/microtactics.net\/en\/wp-json\/wp\/v2\/pages\/134","targetHints":{"allow":["GET"]}}],"collection":[{"href":"https:\/\/microtactics.net\/en\/wp-json\/wp\/v2\/pages"}],"about":[{"href":"https:\/\/microtactics.net\/en\/wp-json\/wp\/v2\/types\/page"}],"author":[{"embeddable":true,"href":"https:\/\/microtactics.net\/en\/wp-json\/wp\/v2\/users\/1"}],"replies":[{"embeddable":true,"href":"https:\/\/microtactics.net\/en\/wp-json\/wp\/v2\/comments?post=134"}],"version-history":[{"count":0,"href":"https:\/\/microtactics.net\/en\/wp-json\/wp\/v2\/pages\/134\/revisions"}],"wp:featuredmedia":[{"embeddable":true,"href":"https:\/\/microtactics.net\/en\/wp-json\/wp\/v2\/media\/2639"}],"wp:attachment":[{"href":"https:\/\/microtactics.net\/en\/wp-json\/wp\/v2\/media?parent=134"}],"curies":[{"name":"wp","href":"https:\/\/api.w.org\/{rel}","templated":true}]}}