{"id":285,"date":"2023-07-13T10:29:00","date_gmt":"2023-07-13T10:29:00","guid":{"rendered":"https:\/\/microtactics.net\/?page_id=285"},"modified":"2024-04-17T10:45:09","modified_gmt":"2024-04-17T10:45:09","slug":"politica-de-privacidad","status":"publish","type":"page","link":"https:\/\/microtactics.net\/en\/politica-de-privacidad\/","title":{"rendered":"Privacy Policy"},"content":{"rendered":"[et_pb_section fb_built=\u00bb1&#8243; _builder_version=\u00bb4.21.0&#8243; _module_preset=\u00bbdefault\u00bb background_image=\u00bbhttps:\/\/microtactics.net\/wp-content\/uploads\/2023\/07\/tom-coomer-de0P588zgls-unsplash-scaled-1.jpg\u00bb height_last_edited=\u00bboff|desktop\u00bb custom_margin=\u00bb0px||0px||false|false\u00bb custom_padding=\u00bb18vw||10vw||false|false\u00bb animation_direction=\u00bbbottom\u00bb global_colors_info=\u00bb{}\u00bb][et_pb_row _builder_version=\u00bb4.21.0&#8243; _module_preset=\u00bbdefault\u00bb width=\u00bb36vw\u00bb module_alignment=\u00bbcenter\u00bb global_colors_info=\u00bb{}\u00bb][et_pb_column type=\u00bb4_4&#8243; _builder_version=\u00bb4.21.0&#8243; _module_preset=\u00bbdefault\u00bb global_colors_info=\u00bb{}\u00bb][et_pb_text _builder_version=\u00bb4.21.0&#8243; _module_preset=\u00bbdefault\u00bb header_font=\u00bbManrope|600|||||||\u00bb header_text_align=\u00bbcenter\u00bb header_text_color=\u00bb#FFFFFF\u00bb header_font_size=\u00bb3.4vw\u00bb header_line_height=\u00bb1.1em\u00bb background_color=\u00bb#5390a0&#8243; custom_margin=\u00bb0px||0px||false|false\u00bb custom_padding=\u00bb5vw|4vw|5vw|4vw|true|true\u00bb custom_padding_tablet=\u00bb28px|60px|28px|60px|true|true\u00bb custom_padding_phone=\u00bb15px|30px|15px|30px|true|true\u00bb custom_padding_last_edited=\u00bboff|desktop\u00bb animation_direction=\u00bbbottom\u00bb header_font_size_tablet=\u00bb38px\u00bb header_font_size_phone=\u00bb18px\u00bb header_font_size_last_edited=\u00bbon|tablet\u00bb global_colors_info=\u00bb{}\u00bb]<h1>Privacy policy<\/h1>[\/et_pb_text][\/et_pb_column][\/et_pb_row][\/et_pb_section][et_pb_section fb_built=\u00bb1&#8243; _builder_version=\u00bb4.21.0&#8243; _module_preset=\u00bbdefault\u00bb background_color=\u00bbrgba(223,230,243,0.33)\u00bb hover_enabled=\u00bb0&#8243; global_colors_info=\u00bb{}\u00bb custom_padding=\u00bb3vw||4vw||false|false\u00bb custom_padding_last_edited=\u00bbon|phone\u00bb sticky_enabled=\u00bb0&#8243; custom_padding_phone=\u00bb2vw||3vw||false|false\u00bb custom_padding_tablet=\u00bb3vw||4vw||false|false\u00bb][et_pb_row _builder_version=\u00bb4.21.0&#8243; _module_preset=\u00bbdefault\u00bb width=\u00bb85vw\u00bb width_tablet=\u00bb90vw\u00bb width_phone=\u00bb90vw\u00bb width_last_edited=\u00bbon|phone\u00bb max_width=\u00bb85vw\u00bb max_width_tablet=\u00bb90vw\u00bb max_width_phone=\u00bb90vw\u00bb max_width_last_edited=\u00bbon|tablet\u00bb global_colors_info=\u00bb{}\u00bb][et_pb_column type=\u00bb4_4&#8243; _builder_version=\u00bb4.21.0&#8243; _module_preset=\u00bbdefault\u00bb global_colors_info=\u00bb{}\u00bb][et_pb_text _builder_version=\u00bb4.21.0&#8243; _module_preset=\u00bbdefault\u00bb text_font=\u00bbManrope||||||||\u00bb text_text_color=\u00bb#000000&#8243; text_font_size=\u00bb1vw\u00bb text_line_height=\u00bb1.3em\u00bb text_font_size_tablet=\u00bb2.6vw\u00bb text_font_size_phone=\u00bb4.7vw\u00bb text_font_size_last_edited=\u00bbon|phone\u00bb global_colors_info=\u00bb{}\u00bb]<p><strong>Identity of the data controller: Dar\u00edo G\u00f3mez Gonz\u00e1lez 39485101N<\/strong><\/p>\n<p><strong><br \/><\/strong>Postal address: C\/Urz\u00e1iz 97 2\u00baC<br \/>36204<br \/>Vigo, Pontevedra<br \/>SPAIN<\/p>\n<p>Email address: dario@microtactics.net<\/p>\n<p><strong>\u00a0<\/strong><strong>Applicable legislation:<\/strong><\/p>\n<p>REGULATION (EU) 2016\/679 OF THE EUROPEAN PARLIAMENT AND OF THE COUNCIL of 27 April 2016 on the protection of natural persons with regard to the processing of personal data and Organic Law 3\/2018 of 5 December on the Protection of Personal Data and the Guarantee of Digital Rights.<\/p>\n<p><strong>Purpose of the treatment:<\/strong><\/p>\n<p>The data collected through the forms included on this website is used to send personalized information from the data controller based on the preferences expressed by the user, via email platforms.<\/p>\n<p><strong>\u00a0<\/strong><strong>Legitimation:<\/strong><\/p>\n<p>The legal basis for processing personal data is the consent provided by the candidate through the checkboxes on the web form; the existence of a contractual relationship between the parties; or the existence of a legitimate interest in those cases where this is contemplated by the GDPR.<strong>\u00a0<\/strong><\/p>\n<p><strong>User rights:<\/strong><\/p>\n<p>The user has the right to request access to their personal data, request the rectification of inaccurate data or, where appropriate, request its deletion when, among other reasons, the data is no longer necessary for the purposes for which it was collected, request the limitation of the processing of their data, in which case we will only retain it for the exercise or defense of claims, oppose the processing of their data, in which case the data controller will stop processing their data, except for compelling legitimate reasons or the exercise or defense of possible claims and\/or request data portability.<\/p>\n<p><strong>\u00a0<\/strong><strong>Storage period:<\/strong><\/p>\n<p>The data provided by users will be retained for the period strictly necessary to fulfill the purpose for which it was collected. The consent given through the web forms on this page is revocable. Therefore, you may request the deletion of your data or exercise any of the rights mentioned in the previous section at any time.<\/p>\n<p><strong>Data communication:<\/strong><\/p>\n<p>The data provided will not be transferred or disclosed to third parties, except under legal obligation.<\/p>\n<p><strong>International data transfers:<\/strong><\/p>\n<p>We only store your personal data with data processors that comply with the provisions of the General Data Protection Regulation. All data processors are located in the European Economic Area, in states and territories that guarantee an adequate level of protection under the GDPR, or in entities that adhere to the US Privacy Shield.<\/p>[\/et_pb_text][\/et_pb_column][\/et_pb_row][\/et_pb_section]","protected":false},"excerpt":{"rendered":"<p>Pol\u00edtica de privacidadIdentidad del responsable del tratamiento de datos: Dar\u00edo G\u00f3mez Gonz\u00e1lez 39485101N Direcci\u00f3n postal: C\/Urz\u00e1iz 97 2\u00baC36204Vigo, PontevedraESPA\u00d1A Direcci\u00f3n electr\u00f3nica: dario@microtactics.net \u00a0Legislaci\u00f3n aplicable: REGLAMENTO (UE) 2016\/679 DEL PARLAMENTO EUROPEO Y DEL CONSEJO de 27 de abril de 2016 relativo a la protecci\u00f3n de las personas f\u00edsicas en lo que respecta al tratamiento de datos [&hellip;]<\/p>","protected":false},"author":1,"featured_media":2639,"parent":0,"menu_order":0,"comment_status":"closed","ping_status":"closed","template":"","meta":{"_et_pb_use_builder":"on","_et_pb_old_content":"","_et_gb_content_width":"","om_disable_all_campaigns":false,"_monsterinsights_skip_tracking":false,"_monsterinsights_sitenote_active":false,"_monsterinsights_sitenote_note":"","_monsterinsights_sitenote_category":0,"_uf_show_specific_survey":0,"_uf_disable_surveys":false,"footnotes":""},"class_list":["post-285","page","type-page","status-publish","has-post-thumbnail","hentry"],"jetpack_sharing_enabled":true,"_links":{"self":[{"href":"https:\/\/microtactics.net\/en\/wp-json\/wp\/v2\/pages\/285","targetHints":{"allow":["GET"]}}],"collection":[{"href":"https:\/\/microtactics.net\/en\/wp-json\/wp\/v2\/pages"}],"about":[{"href":"https:\/\/microtactics.net\/en\/wp-json\/wp\/v2\/types\/page"}],"author":[{"embeddable":true,"href":"https:\/\/microtactics.net\/en\/wp-json\/wp\/v2\/users\/1"}],"replies":[{"embeddable":true,"href":"https:\/\/microtactics.net\/en\/wp-json\/wp\/v2\/comments?post=285"}],"version-history":[{"count":0,"href":"https:\/\/microtactics.net\/en\/wp-json\/wp\/v2\/pages\/285\/revisions"}],"wp:featuredmedia":[{"embeddable":true,"href":"https:\/\/microtactics.net\/en\/wp-json\/wp\/v2\/media\/2639"}],"wp:attachment":[{"href":"https:\/\/microtactics.net\/en\/wp-json\/wp\/v2\/media?parent=285"}],"curies":[{"name":"wp","href":"https:\/\/api.w.org\/{rel}","templated":true}]}}