{"id":291,"date":"2023-07-13T10:34:20","date_gmt":"2023-07-13T10:34:20","guid":{"rendered":"https:\/\/microtactics.net\/?page_id=291"},"modified":"2024-04-17T11:48:09","modified_gmt":"2024-04-17T11:48:09","slug":"aviso-legal","status":"publish","type":"page","link":"https:\/\/microtactics.net\/en\/aviso-legal\/","title":{"rendered":"Legal Notice"},"content":{"rendered":"[et_pb_section fb_built=\u00bb1&#8243; _builder_version=\u00bb4.21.0&#8243; _module_preset=\u00bbdefault\u00bb background_image=\u00bbhttps:\/\/microtactics.net\/wp-content\/uploads\/2023\/07\/tom-coomer-de0P588zgls-unsplash-scaled-1.jpg\u00bb height_last_edited=\u00bboff|desktop\u00bb custom_margin=\u00bb0px||0px||false|false\u00bb custom_padding=\u00bb18vw||10vw||false|false\u00bb animation_direction=\u00bbbottom\u00bb global_colors_info=\u00bb{}\u00bb][et_pb_row _builder_version=\u00bb4.21.0&#8243; _module_preset=\u00bbdefault\u00bb width=\u00bb36vw\u00bb module_alignment=\u00bbcenter\u00bb global_colors_info=\u00bb{}\u00bb][et_pb_column type=\u00bb4_4&#8243; _builder_version=\u00bb4.21.0&#8243; _module_preset=\u00bbdefault\u00bb global_colors_info=\u00bb{}\u00bb][et_pb_text _builder_version=\u00bb4.21.0&#8243; _module_preset=\u00bbdefault\u00bb header_font=\u00bbManrope|600|||||||\u00bb header_text_align=\u00bbcenter\u00bb header_text_color=\u00bb#FFFFFF\u00bb header_font_size=\u00bb3.4vw\u00bb header_line_height=\u00bb1.1em\u00bb background_color=\u00bb#5390a0&#8243; custom_margin=\u00bb0px||0px||false|false\u00bb custom_padding=\u00bb5vw|4vw|5vw|4vw|true|true\u00bb custom_padding_tablet=\u00bb28px|60px|28px|60px|true|true\u00bb custom_padding_phone=\u00bb15px|30px|15px|30px|true|true\u00bb custom_padding_last_edited=\u00bboff|desktop\u00bb animation_direction=\u00bbbottom\u00bb header_font_size_tablet=\u00bb38px\u00bb header_font_size_phone=\u00bb18px\u00bb header_font_size_last_edited=\u00bbon|tablet\u00bb global_colors_info=\u00bb{}\u00bb]<h1>Legal Notice<\/h1>[\/et_pb_text][\/et_pb_column][\/et_pb_row][\/et_pb_section][et_pb_section fb_built=\u00bb1&#8243; custom_padding_last_edited=\u00bbon|phone\u00bb _builder_version=\u00bb4.21.0&#8243; _module_preset=\u00bbdefault\u00bb background_color=\u00bbrgba(223,230,243,0.33)\u00bb custom_padding=\u00bb3vw||4vw||false|false\u00bb custom_padding_tablet=\u00bb3vw||4vw||false|false\u00bb custom_padding_phone=\u00bb2vw||3vw||false|false\u00bb global_colors_info=\u00bb{}\u00bb][et_pb_row _builder_version=\u00bb4.21.0&#8243; _module_preset=\u00bbdefault\u00bb width=\u00bb85vw\u00bb width_tablet=\u00bb90vw\u00bb width_phone=\u00bb90vw\u00bb width_last_edited=\u00bbon|phone\u00bb max_width=\u00bb85vw\u00bb max_width_tablet=\u00bb90vw\u00bb max_width_phone=\u00bb90vw\u00bb max_width_last_edited=\u00bbon|tablet\u00bb hover_enabled=\u00bb0&#8243; global_colors_info=\u00bb{}\u00bb sticky_enabled=\u00bb0&#8243;][et_pb_column type=\u00bb4_4&#8243; _builder_version=\u00bb4.21.0&#8243; _module_preset=\u00bbdefault\u00bb global_colors_info=\u00bb{}\u00bb][et_pb_text _builder_version=\u00bb4.21.0&#8243; _module_preset=\u00bbdefault\u00bb text_font=\u00bbManrope||||||||\u00bb text_text_color=\u00bb#000000&#8243; text_font_size=\u00bb1vw\u00bb text_line_height=\u00bb1.3em\u00bb ul_line_height=\u00bb1.5em\u00bb custom_padding=\u00bb||||false|false\u00bb custom_padding_phone=\u00bb2vw||3vw||false|false\u00bb custom_padding_last_edited=\u00bboff|desktop\u00bb hover_enabled=\u00bb0&#8243; text_font_size_tablet=\u00bb2.6vw\u00bb text_font_size_phone=\u00bb4.7vw\u00bb text_font_size_last_edited=\u00bbon|phone\u00bb global_colors_info=\u00bb{}\u00bb background_enable_color=\u00bboff\u00bb sticky_enabled=\u00bb0&#8243;]<p><strong>General information:<\/strong><\/p>\n<p>Dar\u00edo G\u00f3mez Gonz\u00e1lez, with NIF 39485101N, who provides his services under the trade name Microtactics, as the person responsible for this website, makes this document available to users with the intention of complying with the obligations set forth in Law 34\/2002, on Information Society Services (LSSI), in particular, in accordance with the provisions of its article 10, this website offers users or recipients of the service and the competent bodies, the following information permanently, easily, directly and free of charge:<\/p>\n<ul>\n<li>Website owner: Dar\u00edo G\u00f3mez Gonz\u00e1lez<\/li>\n<li>I.F.: 39485101N<\/li>\n<li>Address for notification purposes: C\/Urzaiz 97 2\u00baC<\/li>\n<li>Email for notifications: dario@microtactics.net<\/li>\n<li>Contact telephone number: (+34) 626 24 12 38<\/li>\n<\/ul>\n<p><strong>Responsibility for content:<\/strong><\/p>\n<p>Microtactics is not responsible for any direct or indirect damages that may arise from the accuracy, completeness, or veracity of such information, nor from the use of the content or elements of this website.<\/p>\n<p><strong>\u00a0<\/strong><strong>Responsibility for third-party links and information:<\/strong><\/p>\n<p>Microtactics declares that it may include information about third parties to complement the information on its services. In compliance with Article 17 of Law 34\/2002 on Information Society Services and Electronic Commerce (LSSI), this website declares that it is not responsible for the links provided to other content or that its directories or content search tools include in its own links: Except where it has actual knowledge that the activity or information to which it refers or recommends is illegal or that it harms the property or rights of a third party that may be subject to compensation, or it acts diligently to remove or disable the corresponding link.<\/p>\n<p><strong>\u00a0<\/strong><strong>Responsibility for the operation of the website:<\/strong><\/p>\n<p>This website has been reviewed and tested to ensure proper functionality. However, the Website Owner does not rule out the possibility of programming errors or force majeure events that render the website inaccessible.<\/p>\n<p><strong>\u00a0<\/strong><strong>Conditions of use of the website:<\/strong><\/p>\n<p>Use of the website or browsing does not require registration; registration is only required to request information. The conditions of access and use of the Microtactics website are strictly governed by current law and the principle of good faith. Users undertake to make good use of the website. Therefore, any acts that violate the law, rights, or interests of third parties are prohibited.<\/p>\n<p><strong>\u00a0<\/strong><strong>Purpose of the website:<\/strong><\/p>\n<p>The purpose of the website is to provide information about products and services related to its business activity.<\/p>\n<p><strong>\u00a0<\/strong><strong>Intellectual Property:<\/strong><\/p>\n<p>The website owner owns the intellectual property rights to the content or elements of this website, or has the necessary permissions for their use. Any action involving the reproduction, public communication, distribution, or transformation, as well as any other form of economic exploitation of all or part of said content or elements, carried out in any form or by any means, will require the prior written consent of the website owner, unless the user can reliably prove possession of the corresponding intellectual property right or the necessary authorization. Any observations regarding possible breaches of intellectual or industrial property rights, as well as any of the content of the website, can be made via the following email address.<\/p>\n<p><strong>\u00a0<\/strong><strong>Acceptance and modifications to the legal notice:<\/strong><\/p>\n<p>Microtactics may make any changes it deems necessary to the content of this website without prior notice, both with regard to information about its products or services and any other elements contained herein. The content of this website is for informational purposes only; therefore, Microtactics offers no guarantee regarding the accuracy, completeness, or veracity of the information, whether its own or that of third parties, contained herein. Users wishing to request information through this website must read and accept the provisions of this legal notice.<\/p>\n<p><strong>\u00a0<\/strong><strong>Competent Court and Applicable Law:<\/strong><\/p>\n<p>Any dispute arising from the products and services offered by Microtactics shall be subject to the jurisdiction of the Courts and Tribunals of Vigo, Pontevedra, provided that this express submission is permitted, unless another forum is applicable due to the user&#039;s status as a consumer.<\/p>[\/et_pb_text][\/et_pb_column][\/et_pb_row][\/et_pb_section]","protected":false},"excerpt":{"rendered":"<p>Aviso LegalInformaci\u00f3n general: Dar\u00edo G\u00f3mez Gonz\u00e1lez, con NIF 39485101N, que presta sus servicios bajo el nombre comercial Microtactics, como responsable de este sitio web, pone a disposici\u00f3n de los usuarios el presente documento con el que pretende dar cumplimiento a las obligaciones dispuestas en la Ley 34\/2002, de Servicios de la Sociedad de la Informaci\u00f3n [&hellip;]<\/p>","protected":false},"author":1,"featured_media":2639,"parent":0,"menu_order":0,"comment_status":"closed","ping_status":"closed","template":"","meta":{"_et_pb_use_builder":"on","_et_pb_old_content":"<!-- wp:divi\/placeholder \/-->","_et_gb_content_width":"","om_disable_all_campaigns":false,"_monsterinsights_skip_tracking":false,"_monsterinsights_sitenote_active":false,"_monsterinsights_sitenote_note":"","_monsterinsights_sitenote_category":0,"_uf_show_specific_survey":0,"_uf_disable_surveys":false,"footnotes":""},"class_list":["post-291","page","type-page","status-publish","has-post-thumbnail","hentry"],"jetpack_sharing_enabled":true,"_links":{"self":[{"href":"https:\/\/microtactics.net\/en\/wp-json\/wp\/v2\/pages\/291","targetHints":{"allow":["GET"]}}],"collection":[{"href":"https:\/\/microtactics.net\/en\/wp-json\/wp\/v2\/pages"}],"about":[{"href":"https:\/\/microtactics.net\/en\/wp-json\/wp\/v2\/types\/page"}],"author":[{"embeddable":true,"href":"https:\/\/microtactics.net\/en\/wp-json\/wp\/v2\/users\/1"}],"replies":[{"embeddable":true,"href":"https:\/\/microtactics.net\/en\/wp-json\/wp\/v2\/comments?post=291"}],"version-history":[{"count":0,"href":"https:\/\/microtactics.net\/en\/wp-json\/wp\/v2\/pages\/291\/revisions"}],"wp:featuredmedia":[{"embeddable":true,"href":"https:\/\/microtactics.net\/en\/wp-json\/wp\/v2\/media\/2639"}],"wp:attachment":[{"href":"https:\/\/microtactics.net\/en\/wp-json\/wp\/v2\/media?parent=291"}],"curies":[{"name":"wp","href":"https:\/\/api.w.org\/{rel}","templated":true}]}}