{"id":310,"date":"2023-07-13T11:07:42","date_gmt":"2023-07-13T11:07:42","guid":{"rendered":"https:\/\/microtactics.net\/?page_id=310"},"modified":"2024-01-04T15:56:21","modified_gmt":"2024-01-04T15:56:21","slug":"uso-de-cookies","status":"publish","type":"page","link":"https:\/\/microtactics.net\/en\/uso-de-cookies\/","title":{"rendered":"Use of cookies"},"content":{"rendered":"<p>[et_pb_section fb_built=\u00bb1&#8243; _builder_version=\u00bb4.21.0&#8243; _module_preset=\u00bbdefault\u00bb background_image=\u00bbhttps:\/\/microtactics.net\/wp-content\/uploads\/2023\/07\/tom-coomer-de0P588zgls-unsplash-scaled-1.jpg\u00bb height_last_edited=\u00bboff|desktop\u00bb custom_margin=\u00bb0px||0px||false|false\u00bb custom_padding=\u00bb18vw||10vw||false|false\u00bb animation_direction=\u00bbbottom\u00bb global_colors_info=\u00bb{}\u00bb][et_pb_row _builder_version=\u00bb4.21.0&#8243; _module_preset=\u00bbdefault\u00bb width=\u00bb36vw\u00bb module_alignment=\u00bbcenter\u00bb global_colors_info=\u00bb{}\u00bb][et_pb_column type=\u00bb4_4&#8243; _builder_version=\u00bb4.21.0&#8243; _module_preset=\u00bbdefault\u00bb global_colors_info=\u00bb{}\u00bb][et_pb_text _builder_version=\u00bb4.21.0&#8243; _module_preset=\u00bbdefault\u00bb header_font=\u00bbManrope|600|||||||\u00bb header_text_align=\u00bbcenter\u00bb header_text_color=\u00bb#FFFFFF\u00bb header_font_size=\u00bb3.4vw\u00bb header_line_height=\u00bb1.1em\u00bb background_color=\u00bb#5390a0&#8243; custom_margin=\u00bb0px||0px||false|false\u00bb custom_padding=\u00bb5vw|4vw|5vw|4vw|true|true\u00bb custom_padding_tablet=\u00bb28px|60px|28px|60px|true|true\u00bb custom_padding_phone=\u00bb15px|30px|15px|30px|true|true\u00bb custom_padding_last_edited=\u00bboff|desktop\u00bb animation_direction=\u00bbbottom\u00bb header_font_size_tablet=\u00bb38px\u00bb header_font_size_phone=\u00bb18px\u00bb header_font_size_last_edited=\u00bbon|tablet\u00bb global_colors_info=\u00bb{}\u00bb]<\/p>\n<h1>Cookie Policy<\/h1>\n<p>[\/et_pb_text][\/et_pb_column][\/et_pb_row][\/et_pb_section][et_pb_section fb_built=\u00bb1&#8243; custom_padding_last_edited=\u00bbon|phone\u00bb _builder_version=\u00bb4.21.0&#8243; _module_preset=\u00bbdefault\u00bb background_color=\u00bbrgba(223,230,243,0.33)\u00bb custom_padding=\u00bb3vw||4vw||false|false\u00bb custom_padding_tablet=\u00bb3vw||4vw||false|false\u00bb custom_padding_phone=\u00bb2vw||3vw||false|false\u00bb global_colors_info=\u00bb{}\u00bb][et_pb_row _builder_version=\u00bb4.21.0&#8243; _module_preset=\u00bbdefault\u00bb width=\u00bb85vw\u00bb width_tablet=\u00bb90vw\u00bb width_phone=\u00bb90vw\u00bb width_last_edited=\u00bbon|phone\u00bb max_width=\u00bb85vw\u00bb max_width_tablet=\u00bb90vw\u00bb max_width_phone=\u00bb90vw\u00bb max_width_last_edited=\u00bbon|tablet\u00bb global_colors_info=\u00bb{}\u00bb][et_pb_column type=\u00bb4_4&#8243; _builder_version=\u00bb4.21.0&#8243; _module_preset=\u00bbdefault\u00bb global_colors_info=\u00bb{}\u00bb][et_pb_text _builder_version=\u00bb4.21.0&#8243; _module_preset=\u00bbdefault\u00bb text_font=\u00bbManrope||||||||\u00bb text_text_color=\u00bb#000000&#8243; text_font_size=\u00bb1vw\u00bb text_line_height=\u00bb1.3em\u00bb link_text_color=\u00bb#000000&#8243; text_font_size_tablet=\u00bb2.6vw\u00bb text_font_size_phone=\u00bb4.7vw\u00bb text_font_size_last_edited=\u00bbon|phone\u00bb global_colors_info=\u00bb{}\u00bb]<\/p>\n<p>This website uses both third-party and proprietary cookies to ensure you have a better browsing experience, to allow you to share content on social media, and to collect user statistics. You can prevent the download of cookies through your browser settings, preventing them from being stored on your device. As the owner of this website, I inform you that we do not use any personal information from cookies; we only compile general visit statistics that do not imply any personal information.<\/p>\n<p>It is very important that you read this cookie policy and understand that if you continue browsing, we will consider that you accept their use.<\/p>\n<p>According to the terms included in Article 22.2 of Law 34\/2002 on Information Society Services and Electronic Commerce, if you continue browsing, you will be giving your consent to the use of these mechanisms.<\/p>\n<p><strong>Responsible Entity<\/strong><\/p>\n<p>The entity responsible for the collection, processing, and use of your personal data, in the sense established by the Personal Data Protection Act, is the website www.microtactics.net, owned by Dar\u00edo G\u00f3mez Gonz\u00e1lez 39485101N \u2013 C\/Urz\u00e1iz 97 2\u00baC 36204 Vigo, Pontevedra, Spain \u2013 which provides its services under the trade name Microtactics.<\/p>\n<p><strong>What are cookies?<\/strong><\/p>\n<p>Cookies are a set of data that a server places in a user&#039;s browser to collect standard Internet log information and visitor behavior information on a website. These are small text files stored on the computer&#039;s hard drive and used to identify the user when they reconnect to the website. Their purpose is to record the user&#039;s visit and store certain information. Their use is common and frequent on the web as it allows pages to function more efficiently and achieve greater personalization and analysis of user behavior.<\/p>\n<p><strong>What types of cookies are there?<\/strong><\/p>\n<p>The cookies used on our website are session and third-party cookies, and they allow us to store and access information related to the language, type of browser used, and other general characteristics predefined by the user. They also allow us to track and analyze user activity, with the goal of making improvements and providing our services in a more efficient and personalized manner.<\/p>\n<p>Cookies, depending on their duration, can be divided into session or permanent cookies. These expire when the user closes the browser. Cookies expire based on the fulfillment of their intended purpose (for example, to ensure the user remains logged in to Microtactics services) or when they are manually deleted.<\/p>\n<p><strong>Performance Cookies<\/strong><\/p>\n<p>This type of cookie remembers your preferences for the tools found in the services, so you don&#039;t have to reconfigure the service each time you visit. Examples include: Volume settings for video or audio players; Video streaming speeds supported by your browser; and Items saved in the &#034;shopping cart&#034; for e-commerce services such as stores.<\/p>\n<p><strong>Geolocation cookies<\/strong><\/p>\n<p>These cookies are used to determine which country you are in when a service is requested. This cookie is completely anonymous and is only used to help target content to your location.<\/p>\n<p><strong>Registration cookies<\/strong><\/p>\n<p>Registration cookies are generated once the user has registered or subsequently opened their session, and are used to identify them in the services for the following purposes:<\/p>\n<p>Mantener al usuario identificado de forma que, si cierra un servicio, el navegador o el ordenador y en otro momento u otro d\u00eda vuelve a entrar en dicho servicio, seguir\u00e1 identificado, facilitando as\u00ed su navegaci\u00f3n sin tener que volver a identificarse. Esta funcionalidad se puede suprimir si el usuario pulsa la funcionalidad [cerrar sesi\u00f3n], de forma que esta cookie se elimina y la pr\u00f3xima vez que entre en el servicio el usuario tendr\u00e1 que iniciar sesi\u00f3n para estar identificado.<\/p>\n<p>Check whether the user is authorized to access certain services, for example, to participate in a contest.<\/p>\n<p>Additionally, some services may use connectors with social networks such as Facebook or Twitter. When the user registers for a service with social network credentials, they authorize the social network to store a persistent cookie that remembers their identity and grants them access to the services until it expires. The user can delete this cookie and revoke access to services through social networks by updating their preferences on the specific social network.<\/p>\n<p><strong>Analytics cookies<\/strong><\/p>\n<p>Each time a user visits a service, a third-party tool generates an analytics cookie on the user&#039;s computer. This cookie, which is generated only during the visit, will be used to anonymously identify the visitor on subsequent visits to Microtactics services. The main objectives pursued are:<\/p>\n<p>Allow anonymous identification of browsing users through the cookie (it identifies browsers and devices, not people) and therefore the approximate counting of the number of visitors and their trend over time.<\/p>\n<p>Anonymously identify the most visited content and therefore the most attractive to users. Know whether the user accessing the site is new or a repeat visitor.<\/p>\n<p>Important: Unless the user chooses to register for a Microtactics service, the cookie will never be associated with any personally identifiable data. These cookies will only be used for statistical purposes to help optimize the user experience on the site.<\/p>\n<p><strong>Advertising cookies<\/strong><\/p>\n<p>These types of cookies allow for expanded information about the ads shown to each anonymous user on Microtactics services. Among other things, they store the duration or frequency of viewing ads, the interaction with them, and the user&#039;s browsing patterns and\/or behavior, as they help build an advertising interest profile. In this way, they allow for advertising tailored to the user&#039;s interests.<\/p>\n<p><strong>Third-party advertising cookies<\/strong><\/p>\n<p>In addition to the advertising managed by Microtactics websites on its services, Microtactics websites offer advertisers the option of serving ads through third parties (&#034;Ad-Servers&#034;). These third parties may then store cookies sent from Microtactics services to users&#039; browsers, as well as access the data stored therein.<\/p>\n<p>The companies that generate these cookies have their own privacy policies. Microtactics websites currently use several platforms to manage these services. For more information, visit<\/p>\n<p><a href=\"https:\/\/policies.google.com\/technologies\/partner-sites\" target=\"_blank\" rel=\"noopener\">https:\/\/policies.google.com\/technologies\/partner-sites<\/a><\/p>\n<p>https:\/\/es.linkedin.com\/legal\/privacy-policy<\/p>\n<p><strong>\u00a0<\/strong><strong>How can I disable cookies in my browser?<\/strong><\/p>\n<p>Different browsers can be configured to notify the user when they receive cookies and, if desired, prevent their installation. Users can also check their installed cookies and their expiration dates in their browsers, and they can also delete them.<\/p>\n<p>For more information, please refer to your browser&#039;s instructions and manual:<\/p>\n<p>Para m\u00e1s informaci\u00f3n sobre la administraci\u00f3n de las cookies en Google Chrome: https:\/\/support.google.com\/chrome\/answer\/95647?hl=es<\/p>\n<p>Para m\u00e1s informaci\u00f3n sobre la administraci\u00f3n de las cookies en Internet Explorer: http:\/\/windows.microsoft.com\/es-es\/windows-vista\/cookies-frequently-asked-questions<\/p>\n<p>Para m\u00e1s informaci\u00f3n sobre la administraci\u00f3n de las cookies en Mozilla Firefox: http:\/\/support.mozilla.org\/es\/kb\/habilitar-y-deshabilitar-cookies-que-los-sitios-we<\/p>\n<p>Para m\u00e1s informaci\u00f3n sobre la administraci\u00f3n de las cookies en Safari: http:\/\/www.apple.com\/es\/privacy\/use-of-cookies\/<\/p>\n<p>Para m\u00e1s informaci\u00f3n sobre la administraci\u00f3n de las cookies en Opera: http:\/\/help.opera.com\/Windows\/11.50\/es-ES\/cookies.html<\/p>\n<p>Si desea dejar de ser seguido por Google Analytics visite: http:\/\/tools.google.com\/dlpage\/gaoptout<\/p>\n<p>To learn more about cookies<\/p>\n<p>Puede obtener m\u00e1s informaci\u00f3n sobre la publicidad online basada en el comportamiento y la privacidad online en el siguiente enlace: http:\/\/www.youronlinechoices.com\/es\/<\/p>\n<p>Protecci\u00f3n de datos de Google Analytics: http:\/\/www.google.com\/analytics\/learn\/privacy.html<\/p>\n<p>C\u00f3mo usa Google Analytics las cookies: https:\/\/developers.google.com\/analytics\/devguides\/collection\/analyticsjs\/cookie-usage?hl=es#analyticsjs<\/p>\n<p>Updates and changes to the privacy\/cookie policy<\/p>\n<p>Microtactics websites may modify this Cookie Policy based on legislative or regulatory requirements, or in order to adapt said policy to the instructions issued by the Spanish Data Protection Agency. Therefore, users are advised to visit it periodically.<\/p>\n<p>When significant changes are made to this Cookie Policy, users will be notified either through the website or by email to registered users.<\/p>\n<p>[\/et_pb_text][\/et_pb_column][\/et_pb_row][\/et_pb_section]<\/p>","protected":false},"excerpt":{"rendered":"<p>Pol\u00edtica de cookiesEn esta web se utilizan cookies de terceros y propias para conseguir que tengas una mejor experiencia de navegaci\u00f3n, puedas compartir contenido en redes sociales y para que podamos obtener estad\u00edsticas de los usuarios. Puedes evitar la descarga de cookies a trav\u00e9s de la configuraci\u00f3n de tu navegador, evitando que las cookies se [&hellip;]<\/p>","protected":false},"author":1,"featured_media":2639,"parent":0,"menu_order":0,"comment_status":"closed","ping_status":"closed","template":"","meta":{"_et_pb_use_builder":"on","_et_pb_old_content":"","_et_gb_content_width":"","om_disable_all_campaigns":false,"_monsterinsights_skip_tracking":false,"_monsterinsights_sitenote_active":false,"_monsterinsights_sitenote_note":"","_monsterinsights_sitenote_category":0,"_uf_show_specific_survey":0,"_uf_disable_surveys":false,"footnotes":""},"class_list":["post-310","page","type-page","status-publish","has-post-thumbnail","hentry"],"jetpack_sharing_enabled":true,"_links":{"self":[{"href":"https:\/\/microtactics.net\/en\/wp-json\/wp\/v2\/pages\/310","targetHints":{"allow":["GET"]}}],"collection":[{"href":"https:\/\/microtactics.net\/en\/wp-json\/wp\/v2\/pages"}],"about":[{"href":"https:\/\/microtactics.net\/en\/wp-json\/wp\/v2\/types\/page"}],"author":[{"embeddable":true,"href":"https:\/\/microtactics.net\/en\/wp-json\/wp\/v2\/users\/1"}],"replies":[{"embeddable":true,"href":"https:\/\/microtactics.net\/en\/wp-json\/wp\/v2\/comments?post=310"}],"version-history":[{"count":0,"href":"https:\/\/microtactics.net\/en\/wp-json\/wp\/v2\/pages\/310\/revisions"}],"wp:featuredmedia":[{"embeddable":true,"href":"https:\/\/microtactics.net\/en\/wp-json\/wp\/v2\/media\/2639"}],"wp:attachment":[{"href":"https:\/\/microtactics.net\/en\/wp-json\/wp\/v2\/media?parent=310"}],"curies":[{"name":"wp","href":"https:\/\/api.w.org\/{rel}","templated":true}]}}