{"id":148,"date":"2023-07-13T08:58:17","date_gmt":"2023-07-13T08:58:17","guid":{"rendered":"https:\/\/microtactics.net\/?page_id=148"},"modified":"2024-04-30T12:00:21","modified_gmt":"2024-04-30T12:00:21","slug":"seo-interim-management","status":"publish","type":"page","link":"https:\/\/microtactics.net\/es\/seo-interim-management\/","title":{"rendered":"SEO Interim Management"},"content":{"rendered":"\n[et_pb_section fb_built=\u00bb1&#8243; fullwidth=\u00bbon\u00bb _builder_version=\u00bb4.21.0&#8243; _module_preset=\u00bbdefault\u00bb background_enable_color=\u00bboff\u00bb global_colors_info=\u00bb{}\u00bb][et_pb_fullwidth_header title=\u00bbSEO Interim Management\u00bb content_max_width_tablet=\u00bb90vw\u00bb content_max_width_phone=\u00bb90vw\u00bb content_max_width_last_edited=\u00bboff|phone\u00bb module_class=\u00bbcustom-fd-header\u00bb _builder_version=\u00bb4.25.0&#8243; _module_preset=\u00bbdefault\u00bb title_font=\u00bbCore Circus||||||||\u00bb title_text_align=\u00bbcenter\u00bb title_font_size=\u00bb6.1vw\u00bb background_color=\u00bbrgba(0,0,0,0.1)\u00bb background_image=\u00bbhttps:\/\/microtactics.net\/wp-content\/uploads\/2023\/07\/seo-interim-management.jpg\u00bb background_position=\u00bbcenter_left\u00bb background_blend=\u00bbmultiply\u00bb width_tablet=\u00bb100vw\u00bb width_last_edited=\u00bboff|phone\u00bb max_width_tablet=\u00bb100vw\u00bb max_width_last_edited=\u00bboff|phone\u00bb module_alignment=\u00bbcenter\u00bb custom_padding=\u00bb16vw||19vw||false|false\u00bb custom_padding_tablet=\u00bb32vw||17vw||false|false\u00bb custom_padding_phone=\u00bb32vw||17vw||false|false\u00bb custom_padding_last_edited=\u00bbon|tablet\u00bb hover_enabled=\u00bb0&#8243; title_text_align_tablet=\u00bbcenter\u00bb title_text_align_phone=\u00bbcenter\u00bb title_text_align_last_edited=\u00bbon|phone\u00bb title_font_size_tablet=\u00bb5vw\u00bb title_font_size_phone=\u00bb8vw\u00bb title_font_size_last_edited=\u00bbon|phone\u00bb title_line_height_tablet=\u00bb1.2em\u00bb title_line_height_phone=\u00bb1.2em\u00bb title_line_height_last_edited=\u00bbon|phone\u00bb title_text_shadow_style=\u00bbpreset3&#8243; global_colors_info=\u00bb{}\u00bb sticky_enabled=\u00bb0&#8243;][\/et_pb_fullwidth_header][\/et_pb_section][et_pb_section fb_built=\u00bb1&#8243; custom_padding_last_edited=\u00bbon|tablet\u00bb _builder_version=\u00bb4.21.0&#8243; _module_preset=\u00bbdefault\u00bb background_color=\u00bbrgba(247,247,247,0.39)\u00bb custom_margin=\u00bb0px||-1vw||false|false\u00bb custom_padding=\u00bb7vw||||false|false\u00bb custom_padding_tablet=\u00bb7vw||3vw||false|false\u00bb custom_padding_phone=\u00bb7vw||4vw||false|false\u00bb global_colors_info=\u00bb{}\u00bb][et_pb_row _builder_version=\u00bb4.21.0&#8243; _module_preset=\u00bbdefault\u00bb width=\u00bb80vw\u00bb width_tablet=\u00bb90vw\u00bb width_phone=\u00bb90vw\u00bb width_last_edited=\u00bbon|phone\u00bb max_width=\u00bb80vw\u00bb max_width_tablet=\u00bb90vw\u00bb max_width_phone=\u00bb90vw\u00bb max_width_last_edited=\u00bbon|phone\u00bb custom_margin=\u00bb0px||2vw||false|false\u00bb custom_margin_tablet=\u00bb0px||3vw||false|false\u00bb custom_margin_phone=\u00bb3vw||4vw||false|false\u00bb custom_margin_last_edited=\u00bbon|desktop\u00bb custom_padding=\u00bb0px||0px||false|false\u00bb global_colors_info=\u00bb{}\u00bb][et_pb_column type=\u00bb4_4&#8243; _builder_version=\u00bb4.19.5&#8243; _module_preset=\u00bbdefault\u00bb global_colors_info=\u00bb{}\u00bb][et_pb_text _builder_version=\u00bb4.21.0&#8243; _module_preset=\u00bbdefault\u00bb text_font=\u00bbManrope||||||||\u00bb text_text_color=\u00bb#000000&#8243; text_font_size=\u00bb1.6vw\u00bb text_line_height=\u00bb1.3em\u00bb header_2_font=\u00bbCatamaran|700|||||||\u00bb header_2_text_align=\u00bbleft\u00bb header_2_text_color=\u00bb#060815&#8243; header_2_font_size=\u00bb48px\u00bb header_2_line_height=\u00bb1.3em\u00bb width=\u00bb59vw\u00bb width_tablet=\u00bb90vw\u00bb width_phone=\u00bb90vw\u00bb width_last_edited=\u00bbon|tablet\u00bb max_width=\u00bb59vw\u00bb max_width_tablet=\u00bb90vw\u00bb max_width_phone=\u00bb90vw\u00bb max_width_last_edited=\u00bbon|phone\u00bb custom_margin=\u00bb0px||1vw||false|false\u00bb custom_margin_tablet=\u00bb0px||1vw||false|false\u00bb custom_margin_phone=\u00bb0px||2vw||false|false\u00bb custom_margin_last_edited=\u00bbon|phone\u00bb custom_padding=\u00bb0px||0px||false|false\u00bb animation_direction=\u00bbbottom\u00bb text_font_size_tablet=\u00bb2.6vw\u00bb text_font_size_phone=\u00bb5vw\u00bb text_font_size_last_edited=\u00bbon|phone\u00bb header_2_font_size_tablet=\u00bb48px\u00bb header_2_font_size_phone=\u00bb30px\u00bb header_2_font_size_last_edited=\u00bbon|phone\u00bb global_colors_info=\u00bb{}\u00bb]<p><span style=\"font-weight: 400;\">\u00bfQuieres internalizar el SEO de tu empresa, con un proceso que puedas entender y controlar, pero no tienes el conocimiento para llevarlo a cabo? <\/span><\/p>[\/et_pb_text][et_pb_text _builder_version=\u00bb4.21.0&#8243; _module_preset=\u00bbdefault\u00bb text_font=\u00bbManrope||||||||\u00bb text_text_color=\u00bb#000000&#8243; text_font_size=\u00bb1.6vw\u00bb text_line_height=\u00bb1.3em\u00bb header_2_font=\u00bbCatamaran|700|||||||\u00bb header_2_text_align=\u00bbleft\u00bb header_2_text_color=\u00bb#060815&#8243; header_2_font_size=\u00bb48px\u00bb header_2_line_height=\u00bb1.3em\u00bb custom_margin=\u00bb||2vw||false|false\u00bb custom_padding=\u00bb0px||0px||false|false\u00bb animation_direction=\u00bbbottom\u00bb text_font_size_tablet=\u00bb2.2vw\u00bb text_font_size_phone=\u00bb5vw\u00bb text_font_size_last_edited=\u00bbon|phone\u00bb header_2_font_size_tablet=\u00bb48px\u00bb header_2_font_size_phone=\u00bb30px\u00bb header_2_font_size_last_edited=\u00bbon|phone\u00bb global_colors_info=\u00bb{}\u00bb]<p><span style=\"font-weight: 400;\">Presta atenci\u00f3n a nuestro servicio de SEO Interim Management.<\/span><\/p>[\/et_pb_text][et_pb_button button_url=\u00bbhttps:\/\/microtactics.net\/contacto\/\u00bb button_text=\u00bbCONTACTO\u00bb button_alignment=\u00bbcenter\u00bb disabled_on=\u00bbon|on|off\u00bb _builder_version=\u00bb4.21.0&#8243; _module_preset=\u00bbdefault\u00bb custom_button=\u00bbon\u00bb button_text_size=\u00bb0.8vw\u00bb button_text_color=\u00bb#ffffff\u00bb button_bg_color=\u00bb#0c354a\u00bb button_border_width=\u00bb2px\u00bb button_border_color=\u00bbRGBA(255,255,255,0)\u00bb button_border_radius=\u00bb0.7vw\u00bb button_letter_spacing=\u00bb1px\u00bb button_font=\u00bbManrope|600|||||||\u00bb button_use_icon=\u00bboff\u00bb positioning=\u00bbfixed\u00bb position_origin_f=\u00bbbottom_right\u00bb vertical_offset=\u00bb1vw\u00bb horizontal_offset=\u00bb2vw\u00bb z_index=\u00bb0&#8243; custom_padding=\u00bb1.1vw|1vw|1.1vw|1vw|true|true\u00bb global_colors_info=\u00bb{}\u00bb button_bg_color__hover_enabled=\u00bbon|hover\u00bb button_bg_color__hover=\u00bb#5391a0&#8243; button_bg_enable_color__hover=\u00bbon\u00bb][\/et_pb_button][\/et_pb_column][\/et_pb_row][et_pb_row column_structure=\u00bb1_3,1_3,1_3&#8243; use_custom_gutter=\u00bbon\u00bb gutter_width=\u00bb1&#8243; make_equal=\u00bbon\u00bb _builder_version=\u00bb4.21.0&#8243; _module_preset=\u00bbdefault\u00bb width=\u00bb80vw\u00bb width_tablet=\u00bb90vw\u00bb width_phone=\u00bb90vw\u00bb width_last_edited=\u00bbon|tablet\u00bb max_width=\u00bb80vw\u00bb max_width_tablet=\u00bb90vw\u00bb max_width_phone=\u00bb90vw\u00bb max_width_last_edited=\u00bbon|phone\u00bb custom_margin=\u00bb1vw||0px||false|false\u00bb custom_padding=\u00bb0px||0px||false|false\u00bb global_colors_info=\u00bb{}\u00bb][et_pb_column type=\u00bb1_3&#8243; _builder_version=\u00bb4.21.0&#8243; _module_preset=\u00bbdefault\u00bb custom_padding=\u00bb|35px|||false|false\u00bb custom_padding_tablet=\u00bb|35px|||false|false\u00bb custom_padding_phone=\u00bb|0px|||false|false\u00bb custom_padding_last_edited=\u00bbon|phone\u00bb global_colors_info=\u00bb{}\u00bb][et_pb_image src=\u00bbhttps:\/\/microtactics.net\/wp-content\/uploads\/2023\/07\/experto-en-seo.png\u00bb title_text=\u00bbexperto-en-seo\u00bb show_bottom_space=\u00bboff\u00bb _builder_version=\u00bb4.21.0&#8243; _module_preset=\u00bbdefault\u00bb width=\u00bb5vw\u00bb width_tablet=\u00bb10vw\u00bb width_phone=\u00bb20vw\u00bb width_last_edited=\u00bbon|tablet\u00bb max_width=\u00bb5vw\u00bb max_width_tablet=\u00bb10vw\u00bb max_width_phone=\u00bb20vw\u00bb max_width_last_edited=\u00bbon|tablet\u00bb min_height=\u00bb4.1vw\u00bb min_height_tablet=\u00bb6vw\u00bb min_height_phone=\u00bb20vw\u00bb min_height_last_edited=\u00bbon|phone\u00bb height=\u00bb4.1vw\u00bb height_tablet=\u00bb6vw\u00bb height_phone=\u00bb20vw\u00bb height_last_edited=\u00bbon|phone\u00bb max_height=\u00bb4.1vw\u00bb max_height_tablet=\u00bb6vw\u00bb max_height_phone=\u00bb20vw\u00bb max_height_last_edited=\u00bbon|desktop\u00bb custom_margin=\u00bb0px||1.2vw||false|false\u00bb custom_margin_tablet=\u00bb0px||2vw||false|false\u00bb custom_margin_phone=\u00bb0px||2vw||false|false\u00bb custom_margin_last_edited=\u00bbon|phone\u00bb custom_padding=\u00bb0px||0px||false|false\u00bb global_colors_info=\u00bb{}\u00bb][\/et_pb_image][et_pb_text _builder_version=\u00bb4.21.0&#8243; _module_preset=\u00bbdefault\u00bb text_font=\u00bbManrope||||||||\u00bb text_text_color=\u00bb#000000&#8243; text_font_size=\u00bb1.4vw\u00bb header_3_font=\u00bbCatamaran|700|||||||\u00bb header_3_text_align=\u00bbleft\u00bb header_3_text_color=\u00bb#060815&#8243; header_3_font_size=\u00bb26px\u00bb custom_margin=\u00bb0px||0.8vw||false|false\u00bb custom_margin_tablet=\u00bb0px||10px||false|false\u00bb custom_margin_phone=\u00bb5vw||2vw||false|false\u00bb custom_margin_last_edited=\u00bbon|phone\u00bb custom_padding=\u00bb0px||0px||false|false\u00bb text_font_size_tablet=\u00bb3.5vw\u00bb text_font_size_phone=\u00bb7vw\u00bb text_font_size_last_edited=\u00bbon|phone\u00bb header_3_font_size_tablet=\u00bb26px\u00bb header_3_font_size_phone=\u00bb24px\u00bb header_3_font_size_last_edited=\u00bbon|phone\u00bb global_colors_info=\u00bb{}\u00bb]<p>Experto en SEO<\/p>[\/et_pb_text][et_pb_text _builder_version=\u00bb4.21.0&#8243; _module_preset=\u00bbdefault\u00bb text_font=\u00bbManrope||||||||\u00bb text_text_color=\u00bb#000000&#8243; text_font_size=\u00bb1vw\u00bb text_line_height=\u00bb1.4em\u00bb custom_margin=\u00bb||0px||false|false\u00bb custom_margin_tablet=\u00bb3vw||3vw||false|false\u00bb custom_margin_phone=\u00bb0px||3vw||false|false\u00bb custom_margin_last_edited=\u00bbon|tablet\u00bb custom_padding=\u00bb0px||0px||false|false\u00bb text_font_size_tablet=\u00bb2.2vw\u00bb text_font_size_phone=\u00bb4.7vw\u00bb text_font_size_last_edited=\u00bbon|tablet\u00bb global_colors_info=\u00bb{}\u00bb]<p><span style=\"font-weight: 400;\">Microtactics te asignar\u00e1 un ejecutivo externo temporal experto en SEO que se encargar\u00e1 de ayudarte a encontrar personal cualificado y\/o a formar al existente. <\/span><\/p>\n<p><span style=\"font-weight: 400;\">Este especialista dise\u00f1ar\u00e1 una estrategia de SEO para tu web y te acompa\u00f1ar\u00e1 en su implementaci\u00f3n.<\/span><\/p>[\/et_pb_text][\/et_pb_column][et_pb_column type=\u00bb1_3&#8243; _builder_version=\u00bb4.21.0&#8243; _module_preset=\u00bbdefault\u00bb custom_padding=\u00bb|35px|||false|false\u00bb custom_padding_tablet=\u00bb|35px|||false|false\u00bb custom_padding_phone=\u00bb|0px|||false|false\u00bb custom_padding_last_edited=\u00bbon|phone\u00bb global_colors_info=\u00bb{}\u00bb][et_pb_image src=\u00bbhttps:\/\/microtactics.net\/wp-content\/uploads\/2023\/07\/12.png\u00bb title_text=\u00bbAuditor\u00eda SEO p\u00e1gina servicios\u00bb show_bottom_space=\u00bboff\u00bb _builder_version=\u00bb4.21.0&#8243; _module_preset=\u00bbdefault\u00bb width=\u00bb15vw\u00bb width_tablet=\u00bb10vw\u00bb width_phone=\u00bb23vw\u00bb width_last_edited=\u00bbon|tablet\u00bb max_width=\u00bb15vw\u00bb max_width_tablet=\u00bb10vw\u00bb max_width_phone=\u00bb23vw\u00bb max_width_last_edited=\u00bbon|tablet\u00bb min_height=\u00bb4.1vw\u00bb min_height_tablet=\u00bb6vw\u00bb min_height_phone=\u00bb20vw\u00bb min_height_last_edited=\u00bbon|phone\u00bb height=\u00bb4.1vw\u00bb height_tablet=\u00bb6vw\u00bb height_phone=\u00bb20vw\u00bb height_last_edited=\u00bbon|phone\u00bb max_height=\u00bb4.1vw\u00bb max_height_tablet=\u00bb6vw\u00bb max_height_phone=\u00bb20vw\u00bb max_height_last_edited=\u00bbon|desktop\u00bb custom_margin=\u00bb0px||1.2vw||false|false\u00bb custom_margin_tablet=\u00bb0px||2vw||false|false\u00bb custom_margin_phone=\u00bb3vw||2vw||false|false\u00bb custom_margin_last_edited=\u00bbon|phone\u00bb custom_padding=\u00bb0px||0px||false|false\u00bb global_colors_info=\u00bb{}\u00bb][\/et_pb_image][et_pb_text _builder_version=\u00bb4.21.0&#8243; _module_preset=\u00bbdefault\u00bb text_font=\u00bbManrope||||||||\u00bb text_text_color=\u00bb#000000&#8243; text_font_size=\u00bb1.4vw\u00bb header_3_font=\u00bbCatamaran|700|||||||\u00bb header_3_text_align=\u00bbleft\u00bb header_3_text_color=\u00bb#060815&#8243; header_3_font_size=\u00bb26px\u00bb custom_margin=\u00bb0px||0.8vw||false|false\u00bb custom_margin_tablet=\u00bb0px||10px||false|false\u00bb custom_margin_phone=\u00bb5vw||2vw||false|false\u00bb custom_margin_last_edited=\u00bbon|phone\u00bb custom_padding=\u00bb0px||0px||false|false\u00bb text_font_size_tablet=\u00bb3.5vw\u00bb text_font_size_phone=\u00bb7vw\u00bb text_font_size_last_edited=\u00bbon|phone\u00bb header_3_font_size_tablet=\u00bb26px\u00bb header_3_font_size_phone=\u00bb24px\u00bb header_3_font_size_last_edited=\u00bbon|phone\u00bb global_colors_info=\u00bb{}\u00bb]<p>Seguimiento personalizado<\/p>[\/et_pb_text][et_pb_text _builder_version=\u00bb4.21.0&#8243; _module_preset=\u00bbdefault\u00bb text_font=\u00bbManrope||||||||\u00bb text_text_color=\u00bb#000000&#8243; text_font_size=\u00bb1vw\u00bb text_line_height=\u00bb1.4em\u00bb custom_margin=\u00bb||0px||false|false\u00bb custom_margin_tablet=\u00bb3vw||3vw||false|false\u00bb custom_margin_phone=\u00bb0px||3vw||false|false\u00bb custom_margin_last_edited=\u00bbon|tablet\u00bb custom_padding=\u00bb0px||0px||false|false\u00bb text_font_size_tablet=\u00bb2.2vw\u00bb text_font_size_phone=\u00bb4.7vw\u00bb text_font_size_last_edited=\u00bbon|tablet\u00bb global_colors_info=\u00bb{}\u00bb]<p><span style=\"font-weight: 400;\">Realizaremos un seguimiento pormenorizado de la evoluci\u00f3n del proyecto, mientras asesoramos y formamos a tu equipo. <\/span><\/p>\n<p><span style=\"font-weight: 400;\">El objetivo es que, despu\u00e9s de dos a\u00f1os, tu empresa tenga un canal de SEO maduro, operativo y puedas gestionarlo internamente con total solvencia.<\/span><\/p>[\/et_pb_text][\/et_pb_column][et_pb_column type=\u00bb1_3&#8243; _builder_version=\u00bb4.21.0&#8243; _module_preset=\u00bbdefault\u00bb custom_padding=\u00bb|35px|||false|false\u00bb custom_padding_tablet=\u00bb|35px|||false|false\u00bb custom_padding_phone=\u00bb|0px|||false|false\u00bb custom_padding_last_edited=\u00bbon|phone\u00bb global_colors_info=\u00bb{}\u00bb][et_pb_image src=\u00bbhttps:\/\/microtactics.net\/wp-content\/uploads\/2023\/07\/675.png\u00bb title_text=\u00bbConsultor\u00eda SEO p\u00e1gina servicios\u00bb show_bottom_space=\u00bboff\u00bb _builder_version=\u00bb4.21.0&#8243; _module_preset=\u00bbdefault\u00bb width=\u00bb6vw\u00bb width_tablet=\u00bb10vw\u00bb width_phone=\u00bb21vw\u00bb width_last_edited=\u00bbon|tablet\u00bb max_width=\u00bb6vw\u00bb max_width_tablet=\u00bb10vw\u00bb max_width_phone=\u00bb21vw\u00bb max_width_last_edited=\u00bbon|tablet\u00bb min_height=\u00bb4.1vw\u00bb min_height_tablet=\u00bb6vw\u00bb min_height_phone=\u00bb16vw\u00bb min_height_last_edited=\u00bbon|phone\u00bb height=\u00bb4.1vw\u00bb height_tablet=\u00bb6vw\u00bb height_phone=\u00bb16vw\u00bb height_last_edited=\u00bbon|phone\u00bb max_height=\u00bb4.1vw\u00bb max_height_tablet=\u00bb6vw\u00bb max_height_phone=\u00bb20vw\u00bb max_height_last_edited=\u00bbon|desktop\u00bb custom_margin=\u00bb0px||1.2vw||false|false\u00bb custom_margin_tablet=\u00bb0px||2vw||false|false\u00bb custom_margin_phone=\u00bb3vw||2vw||false|false\u00bb custom_margin_last_edited=\u00bbon|phone\u00bb custom_padding=\u00bb0px||0px||false|false\u00bb global_colors_info=\u00bb{}\u00bb][\/et_pb_image][et_pb_text _builder_version=\u00bb4.21.0&#8243; _module_preset=\u00bbdefault\u00bb text_font=\u00bbManrope||||||||\u00bb text_text_color=\u00bb#000000&#8243; text_font_size=\u00bb1.4vw\u00bb header_3_font=\u00bbCatamaran|700|||||||\u00bb header_3_text_align=\u00bbleft\u00bb header_3_text_color=\u00bb#060815&#8243; header_3_font_size=\u00bb26px\u00bb custom_margin=\u00bb0px||0.8vw||false|false\u00bb custom_margin_tablet=\u00bb0px||10px||false|false\u00bb custom_margin_phone=\u00bb5vw||2vw||false|false\u00bb custom_margin_last_edited=\u00bbon|phone\u00bb custom_padding=\u00bb0px||0px||false|false\u00bb text_font_size_tablet=\u00bb3.5vw\u00bb text_font_size_phone=\u00bb7vw\u00bb text_font_size_last_edited=\u00bbon|phone\u00bb header_3_font_size_tablet=\u00bb26px\u00bb header_3_font_size_phone=\u00bb24px\u00bb header_3_font_size_last_edited=\u00bbon|phone\u00bb global_colors_info=\u00bb{}\u00bb]<p>Servicio de asesor\u00eda<\/p>[\/et_pb_text][et_pb_text _builder_version=\u00bb4.21.0&#8243; _module_preset=\u00bbdefault\u00bb text_font=\u00bbManrope||||||||\u00bb text_text_color=\u00bb#000000&#8243; text_font_size=\u00bb1vw\u00bb text_line_height=\u00bb1.4em\u00bb custom_margin=\u00bb||0px||false|false\u00bb custom_margin_tablet=\u00bb3vw||5vw||false|false\u00bb custom_margin_phone=\u00bb0px||3vw||false|false\u00bb custom_margin_last_edited=\u00bbon|tablet\u00bb custom_padding=\u00bb0px||0px||false|false\u00bb text_font_size_tablet=\u00bb2.2vw\u00bb text_font_size_phone=\u00bb4.7vw\u00bb text_font_size_last_edited=\u00bbon|tablet\u00bb global_colors_info=\u00bb{}\u00bb]<p><span style=\"font-weight: 400;\">Por supuesto, siempre contar\u00e1s con nuestros servicios de asesor\u00eda\u00a0 si necesitas apoyo en el futuro, pero la idea es que puedas tener un equipo interno en tu empresa totalmente aut\u00f3nomo y eficaz, manejando un canal que produzca resultados desde la implementaci\u00f3n conjunta con nuestro SEO Interim Manager.<\/span><\/p>[\/et_pb_text][\/et_pb_column][\/et_pb_row][\/et_pb_section][et_pb_section fb_built=\u00bb1&#8243; custom_padding_last_edited=\u00bbon|phone\u00bb _builder_version=\u00bb4.21.0&#8243; _module_preset=\u00bbdefault\u00bb background_color=\u00bbrgba(247,247,247,0.39)\u00bb custom_padding=\u00bb2vw||5vw||false|false\u00bb custom_padding_tablet=\u00bb0vw||||false|false\u00bb custom_padding_phone=\u00bb3vw||9vw||false|false\u00bb global_colors_info=\u00bb{}\u00bb][et_pb_row custom_padding_last_edited=\u00bbon|phone\u00bb _builder_version=\u00bb4.21.0&#8243; _module_preset=\u00bbdefault\u00bb background_color=\u00bb#5390a0&#8243; background_enable_image=\u00bboff\u00bb background_position=\u00bbbottom_right\u00bb background_horizontal_offset=\u00bb-12%\u00bb background_vertical_offset=\u00bb100%\u00bb width=\u00bb80vw\u00bb width_tablet=\u00bb90vw\u00bb width_phone=\u00bb90vw\u00bb width_last_edited=\u00bbon|phone\u00bb max_width=\u00bb80vw\u00bb max_width_tablet=\u00bb90vw\u00bb max_width_phone=\u00bb90vw\u00bb max_width_last_edited=\u00bbon|phone\u00bb custom_padding=\u00bb5vw|3vw|5vw|3vw|false|true\u00bb custom_padding_tablet=\u00bb5vw|3vw|5vw|3vw|false|true\u00bb custom_padding_phone=\u00bb10vw|3vw|8vw|3vw|false|true\u00bb border_radii=\u00bbon|1vw|1vw|1vw|1vw\u00bb global_colors_info=\u00bb{}\u00bb][et_pb_column type=\u00bb4_4&#8243; _builder_version=\u00bb4.21.0&#8243; _module_preset=\u00bbdefault\u00bb global_colors_info=\u00bb{}\u00bb][et_pb_text _builder_version=\u00bb4.21.0&#8243; _module_preset=\u00bbdefault\u00bb text_font=\u00bbManrope||||||||\u00bb text_text_color=\u00bb#ffffff\u00bb text_font_size=\u00bb1vw\u00bb text_line_height=\u00bb1.4em\u00bb header_2_font=\u00bbManrope||||||||\u00bb header_2_text_align=\u00bbcenter\u00bb header_2_text_color=\u00bb#ffffff\u00bb header_2_font_size=\u00bb3.3vw\u00bb header_2_line_height=\u00bb1.2em\u00bb header_3_font=\u00bbBarlow|600|||||||\u00bb header_3_text_align=\u00bbleft\u00bb header_3_text_color=\u00bb#191918&#8243; header_3_font_size=\u00bb34px\u00bb header_3_line_height=\u00bb1.2em\u00bb text_orientation=\u00bbcenter\u00bb width=\u00bb70vw\u00bb width_tablet=\u00bb80vw\u00bb width_phone=\u00bb80vw\u00bb width_last_edited=\u00bbon|desktop\u00bb max_width=\u00bb70vw\u00bb max_width_tablet=\u00bb80vw\u00bb max_width_phone=\u00bb80vw\u00bb max_width_last_edited=\u00bbon|tablet\u00bb module_alignment=\u00bbcenter\u00bb custom_margin=\u00bb-2px||0vw||false|false\u00bb header_2_text_align_tablet=\u00bb\u00bb header_2_text_align_phone=\u00bbleft\u00bb header_2_text_align_last_edited=\u00bbon|phone\u00bb header_2_font_size_tablet=\u00bb4vw\u00bb header_2_font_size_phone=\u00bb7vw\u00bb header_2_font_size_last_edited=\u00bbon|phone\u00bb global_colors_info=\u00bb{}\u00bb]<h2>\u00bfNecesitas un SEO Interim Manager?<\/h2>[\/et_pb_text][et_pb_text _builder_version=\u00bb4.21.0&#8243; _module_preset=\u00bbdefault\u00bb text_font=\u00bbManrope||||||||\u00bb text_text_color=\u00bb#ffffff\u00bb text_font_size=\u00bb1.1vw\u00bb text_line_height=\u00bb1.4em\u00bb header_2_font=\u00bbManrope||||||||\u00bb header_2_text_align=\u00bbcenter\u00bb header_2_text_color=\u00bb#ffffff\u00bb header_2_font_size=\u00bb2.9vw\u00bb header_2_line_height=\u00bb1.1em\u00bb header_3_font=\u00bbBarlow|600|||||||\u00bb header_3_text_align=\u00bbleft\u00bb header_3_text_color=\u00bb#191918&#8243; header_3_font_size=\u00bb34px\u00bb header_3_line_height=\u00bb1.2em\u00bb text_orientation=\u00bbcenter\u00bb width=\u00bb50vw\u00bb width_tablet=\u00bb80vw\u00bb width_phone=\u00bb80vw\u00bb width_last_edited=\u00bbon|phone\u00bb max_width=\u00bb50vw\u00bb max_width_tablet=\u00bb80vw\u00bb max_width_phone=\u00bb80vw\u00bb max_width_last_edited=\u00bbon|phone\u00bb module_alignment=\u00bbcenter\u00bb custom_margin=\u00bb0.4vw||||false|false\u00bb text_font_size_tablet=\u00bb2.2vw\u00bb text_font_size_phone=\u00bb4.7vw\u00bb text_font_size_last_edited=\u00bbon|phone\u00bb text_orientation_tablet=\u00bb\u00bb text_orientation_phone=\u00bbleft\u00bb text_orientation_last_edited=\u00bbon|phone\u00bb global_colors_info=\u00bb{}\u00bb]<p><span style=\"font-weight: 400;\">Nuestros profesionales se encargar\u00e1n de crear una buena estrategia de SEO que funcione lo mejor posible y cumpla con los m\u00e1s altos est\u00e1ndares de calidad. Si tienes alguna duda o quieres saber m\u00e1s sobre este servicio, ponte en contacto con nosotros.\u00a0<\/span><\/p>[\/et_pb_text][et_pb_button button_url=\u00bbhttps:\/\/microtactics.net\/contacto\/\u00bb button_text=\u00bbPonte en contacto con nosotros\u00bb button_alignment=\u00bbcenter\u00bb disabled_on=\u00bbon|on|off\u00bb _builder_version=\u00bb4.24.3&#8243; _module_preset=\u00bbdefault\u00bb custom_button=\u00bbon\u00bb button_text_size=\u00bb1.1vw\u00bb button_text_color=\u00bb#ffffff\u00bb button_bg_color=\u00bbrgba(20,49,61,0.05)\u00bb button_border_width=\u00bb1px\u00bb button_border_color=\u00bb#ffffff\u00bb button_font=\u00bbManrope||||||||\u00bb button_icon=\u00bb&#x35;||divi||400&#8243; button_on_hover=\u00bboff\u00bb custom_margin=\u00bb-0.7vw|||-0.6vw|false|false\u00bb box_shadow_style=\u00bbpreset2&#8243; box_shadow_horizontal=\u00bb4px\u00bb box_shadow_vertical=\u00bb4px\u00bb box_shadow_blur=\u00bb7px\u00bb box_shadow_color=\u00bbrgba(0,0,0,0.54)\u00bb global_colors_info=\u00bb{}\u00bb button_bg_color__hover_enabled=\u00bbon|hover\u00bb button_bg_color__hover=\u00bbrgba(20,49,61,0.59)\u00bb button_bg_enable_color__hover=\u00bbon\u00bb transform_styles__hover_enabled=\u00bbon|hover\u00bb transform_scale__hover_enabled=\u00bbon|desktop\u00bb transform_translate__hover_enabled=\u00bbon|hover\u00bb transform_rotate__hover_enabled=\u00bbon|desktop\u00bb transform_skew__hover_enabled=\u00bbon|desktop\u00bb transform_origin__hover_enabled=\u00bbon|desktop\u00bb transform_translate__hover=\u00bb4px|4px\u00bb box_shadow_horizontal__hover_enabled=\u00bbon|hover\u00bb box_shadow_vertical__hover_enabled=\u00bbon|hover\u00bb box_shadow_horizontal__hover=\u00bb2px\u00bb box_shadow_vertical__hover=\u00bb2px\u00bb][\/et_pb_button][et_pb_button button_url=\u00bbhttps:\/\/microtactics.net\/contacto\/\u00bb button_text=\u00bbContacto\u00bb button_alignment=\u00bbcenter\u00bb button_alignment_tablet=\u00bb\u00bb button_alignment_phone=\u00bbcenter\u00bb button_alignment_last_edited=\u00bbon|phone\u00bb disabled_on=\u00bboff|off|on\u00bb _builder_version=\u00bb4.24.3&#8243; _module_preset=\u00bbdefault\u00bb custom_button=\u00bbon\u00bb button_text_size=\u00bb1.1vw\u00bb button_text_color=\u00bb#ffffff\u00bb button_bg_color=\u00bbrgba(47,66,91,0.1)\u00bb button_border_width=\u00bb1px\u00bb button_border_color=\u00bb#ffffff\u00bb button_font=\u00bbManrope||||||||\u00bb button_icon=\u00bb&#x35;||divi||400&#8243; button_on_hover=\u00bboff\u00bb custom_margin=\u00bb-0.7vw|||1.7vw|false|false\u00bb custom_margin_tablet=\u00bb-0.7vw|||1.7vw|false|false\u00bb custom_margin_phone=\u00bb0vw|||0vw|false|false\u00bb custom_margin_last_edited=\u00bbon|phone\u00bb button_text_size_tablet=\u00bb2.2vw\u00bb button_text_size_phone=\u00bb4.2vw\u00bb button_text_size_last_edited=\u00bbon|phone\u00bb box_shadow_style=\u00bbpreset2&#8243; box_shadow_horizontal=\u00bb4px\u00bb box_shadow_vertical=\u00bb4px\u00bb box_shadow_blur=\u00bb10px\u00bb box_shadow_color=\u00bbrgba(0,0,0,0.48)\u00bb global_colors_info=\u00bb{}\u00bb button_bg_color__hover_enabled=\u00bbon|desktop\u00bb button_bg_color__hover=\u00bbrgba(47,66,91,0.27)\u00bb][\/et_pb_button][\/et_pb_column][\/et_pb_row][\/et_pb_section]\n","protected":false},"excerpt":{"rendered":"<p>\u00bfQuieres internalizar el SEO de tu empresa, con un proceso que puedas entender y controlar, pero no tienes el conocimiento para llevarlo a cabo? Presta atenci\u00f3n a nuestro servicio de SEO Interim Management.Experto en SEOMicrotactics te asignar\u00e1 un ejecutivo externo temporal experto en SEO que se encargar\u00e1 de ayudarte a encontrar personal cualificado y\/o a [&hellip;]<\/p>\n","protected":false},"author":1,"featured_media":2662,"parent":0,"menu_order":0,"comment_status":"closed","ping_status":"closed","template":"","meta":{"_et_pb_use_builder":"on","_et_pb_old_content":"","_et_gb_content_width":"","om_disable_all_campaigns":false,"_monsterinsights_skip_tracking":false,"_monsterinsights_sitenote_active":false,"_monsterinsights_sitenote_note":"","_monsterinsights_sitenote_category":0,"_uf_show_specific_survey":0,"_uf_disable_surveys":false,"footnotes":""},"class_list":["post-148","page","type-page","status-publish","has-post-thumbnail","hentry"],"jetpack_sharing_enabled":true,"_links":{"self":[{"href":"https:\/\/microtactics.net\/es\/wp-json\/wp\/v2\/pages\/148","targetHints":{"allow":["GET"]}}],"collection":[{"href":"https:\/\/microtactics.net\/es\/wp-json\/wp\/v2\/pages"}],"about":[{"href":"https:\/\/microtactics.net\/es\/wp-json\/wp\/v2\/types\/page"}],"author":[{"embeddable":true,"href":"https:\/\/microtactics.net\/es\/wp-json\/wp\/v2\/users\/1"}],"replies":[{"embeddable":true,"href":"https:\/\/microtactics.net\/es\/wp-json\/wp\/v2\/comments?post=148"}],"version-history":[{"count":0,"href":"https:\/\/microtactics.net\/es\/wp-json\/wp\/v2\/pages\/148\/revisions"}],"wp:featuredmedia":[{"embeddable":true,"href":"https:\/\/microtactics.net\/es\/wp-json\/wp\/v2\/media\/2662"}],"wp:attachment":[{"href":"https:\/\/microtactics.net\/es\/wp-json\/wp\/v2\/media?parent=148"}],"curies":[{"name":"wp","href":"https:\/\/api.w.org\/{rel}","templated":true}]}}