{"id":285,"date":"2023-07-13T10:29:00","date_gmt":"2023-07-13T10:29:00","guid":{"rendered":"https:\/\/microtactics.net\/?page_id=285"},"modified":"2024-04-17T10:45:09","modified_gmt":"2024-04-17T10:45:09","slug":"politica-de-privacidad","status":"publish","type":"page","link":"https:\/\/microtactics.net\/es\/politica-de-privacidad\/","title":{"rendered":"Pol\u00edtica de Privacidad"},"content":{"rendered":"\n[et_pb_section fb_built=\u00bb1&#8243; _builder_version=\u00bb4.21.0&#8243; _module_preset=\u00bbdefault\u00bb background_image=\u00bbhttps:\/\/microtactics.net\/wp-content\/uploads\/2023\/07\/tom-coomer-de0P588zgls-unsplash-scaled-1.jpg\u00bb height_last_edited=\u00bboff|desktop\u00bb custom_margin=\u00bb0px||0px||false|false\u00bb custom_padding=\u00bb18vw||10vw||false|false\u00bb animation_direction=\u00bbbottom\u00bb global_colors_info=\u00bb{}\u00bb][et_pb_row _builder_version=\u00bb4.21.0&#8243; _module_preset=\u00bbdefault\u00bb width=\u00bb36vw\u00bb module_alignment=\u00bbcenter\u00bb global_colors_info=\u00bb{}\u00bb][et_pb_column type=\u00bb4_4&#8243; _builder_version=\u00bb4.21.0&#8243; _module_preset=\u00bbdefault\u00bb global_colors_info=\u00bb{}\u00bb][et_pb_text _builder_version=\u00bb4.21.0&#8243; _module_preset=\u00bbdefault\u00bb header_font=\u00bbManrope|600|||||||\u00bb header_text_align=\u00bbcenter\u00bb header_text_color=\u00bb#FFFFFF\u00bb header_font_size=\u00bb3.4vw\u00bb header_line_height=\u00bb1.1em\u00bb background_color=\u00bb#5390a0&#8243; custom_margin=\u00bb0px||0px||false|false\u00bb custom_padding=\u00bb5vw|4vw|5vw|4vw|true|true\u00bb custom_padding_tablet=\u00bb28px|60px|28px|60px|true|true\u00bb custom_padding_phone=\u00bb15px|30px|15px|30px|true|true\u00bb custom_padding_last_edited=\u00bboff|desktop\u00bb animation_direction=\u00bbbottom\u00bb header_font_size_tablet=\u00bb38px\u00bb header_font_size_phone=\u00bb18px\u00bb header_font_size_last_edited=\u00bbon|tablet\u00bb global_colors_info=\u00bb{}\u00bb]<h1>Pol\u00edtica de privacidad<\/h1>[\/et_pb_text][\/et_pb_column][\/et_pb_row][\/et_pb_section][et_pb_section fb_built=\u00bb1&#8243; _builder_version=\u00bb4.21.0&#8243; _module_preset=\u00bbdefault\u00bb background_color=\u00bbrgba(223,230,243,0.33)\u00bb hover_enabled=\u00bb0&#8243; global_colors_info=\u00bb{}\u00bb custom_padding=\u00bb3vw||4vw||false|false\u00bb custom_padding_last_edited=\u00bbon|phone\u00bb sticky_enabled=\u00bb0&#8243; custom_padding_phone=\u00bb2vw||3vw||false|false\u00bb custom_padding_tablet=\u00bb3vw||4vw||false|false\u00bb][et_pb_row _builder_version=\u00bb4.21.0&#8243; _module_preset=\u00bbdefault\u00bb width=\u00bb85vw\u00bb width_tablet=\u00bb90vw\u00bb width_phone=\u00bb90vw\u00bb width_last_edited=\u00bbon|phone\u00bb max_width=\u00bb85vw\u00bb max_width_tablet=\u00bb90vw\u00bb max_width_phone=\u00bb90vw\u00bb max_width_last_edited=\u00bbon|tablet\u00bb global_colors_info=\u00bb{}\u00bb][et_pb_column type=\u00bb4_4&#8243; _builder_version=\u00bb4.21.0&#8243; _module_preset=\u00bbdefault\u00bb global_colors_info=\u00bb{}\u00bb][et_pb_text _builder_version=\u00bb4.21.0&#8243; _module_preset=\u00bbdefault\u00bb text_font=\u00bbManrope||||||||\u00bb text_text_color=\u00bb#000000&#8243; text_font_size=\u00bb1vw\u00bb text_line_height=\u00bb1.3em\u00bb text_font_size_tablet=\u00bb2.6vw\u00bb text_font_size_phone=\u00bb4.7vw\u00bb text_font_size_last_edited=\u00bbon|phone\u00bb global_colors_info=\u00bb{}\u00bb]<p><strong>Identidad del responsable del tratamiento de datos: Dar\u00edo G\u00f3mez Gonz\u00e1lez 39485101N<\/strong><\/p>\n<p><strong><br \/><\/strong>Direcci\u00f3n postal: C\/Urz\u00e1iz 97 2\u00baC<br \/>36204<br \/>Vigo, Pontevedra<br \/>ESPA\u00d1A<\/p>\n<p>Direcci\u00f3n electr\u00f3nica: dario@microtactics.net<\/p>\n<p><strong>\u00a0<\/strong><strong>Legislaci\u00f3n aplicable:<\/strong><\/p>\n<p>REGLAMENTO (UE) 2016\/679 DEL PARLAMENTO EUROPEO Y DEL CONSEJO de 27 de abril de 2016 relativo a la protecci\u00f3n de las personas f\u00edsicas en lo que respecta al tratamiento de datos personales y la Ley Org\u00e1nica 3\/2018, de 5 de diciembre, de Protecci\u00f3n de Datos Personales y garant\u00eda de los derechos digitales.<\/p>\n<p><strong>Finalidad del tratamiento:<\/strong><\/p>\n<p>Los datos recabados a trav\u00e9s de los formularios incluidos en esta p\u00e1gina web sirven para el env\u00edo de informaci\u00f3n personalizada del responsable del tratamiento en funci\u00f3n de las preferencias manifestadas por el usuario, a trav\u00e9s de plataformas de correo electr\u00f3nico.<\/p>\n<p><strong>\u00a0<\/strong><strong>Legitimaci\u00f3n:<\/strong><\/p>\n<p>La base legal para el tratamiento de los datos personales es el consentimiento prestado por el candidato a trav\u00e9s de las casillas o \u201ccheckbox\u201d del formulario web; o bien la existencia de una relaci\u00f3n contractual entre las partes; o bien la existencia de un inter\u00e9s leg\u00edtimo en aquellos casos en los que lo contemple el RGPD.<strong>\u00a0<\/strong><\/p>\n<p><strong>Derechos de los usuarios:<\/strong><\/p>\n<p>El usuario tiene derecho a solicitar el acceso a sus datos personales, solicitar la rectificaci\u00f3n de los datos inexactos o, en su caso, solicitar su supresi\u00f3n cuando, entre otros motivos, los datos ya no sean necesarios para los fines para los que fueron recogidos, solicitar la limitaci\u00f3n del tratamiento de sus datos, en cuyo caso \u00fanicamente los conservaremos para el ejercicio o la defensa de reclamaciones, oponerse al tratamiento de sus datos, en cuyo caso el responsable del tratamiento dejar\u00e1 de tratar sus datos, salvo por motivos leg\u00edtimos imperiosos o el ejercicio o la defensa de posibles reclamaciones y\/o solicitar la portabilidad de los datos.<\/p>\n<p><strong>\u00a0<\/strong><strong>Plazo de conservaci\u00f3n:<\/strong><\/p>\n<p>Los datos suministrados por los usuarios se conservar\u00e1n hasta lo estrictamente necesario para cumplir con la finalidad que motiv\u00f3 su recogida. Por su parte, el consentimiento prestado en a trav\u00e9s de los formularios web de esta p\u00e1gina tiene car\u00e1cter revocable, por lo que, en cualquier momento podr\u00e1 solicitar la supresi\u00f3n de sus datos o ejercitar cualquiera de los derechos mencionados en el apartado anterior.<\/p>\n<p><strong>Comunicaci\u00f3n de datos:<\/strong><\/p>\n<p>Los datos facilitados no ser\u00e1n cedidos ni transferidos a terceros, salvo obligaci\u00f3n legal.<\/p>\n<p><strong>Transferencias internacionales de datos:<\/strong><\/p>\n<p>\u00danicamente albergamos sus datos personales en aquellos encargados de tratamiento que cumplan con las disposiciones del Reglamento General de Protecci\u00f3n de Datos. Todos los encargados de tratamiento para el almacenamiento de datos se encuentran en el Espacio Econ\u00f3mico Europeo, en los Estados y territorios que garantizan un nivel de protecci\u00f3n adecuado al RGPD, o bien en las entidades adheridas al \u201cPrivacy Shield\u201d o \u201cescudo de privacidad\u201d de EE. UU.<\/p>[\/et_pb_text][\/et_pb_column][\/et_pb_row][\/et_pb_section]\n","protected":false},"excerpt":{"rendered":"<p>Pol\u00edtica de privacidadIdentidad del responsable del tratamiento de datos: Dar\u00edo G\u00f3mez Gonz\u00e1lez 39485101N Direcci\u00f3n postal: C\/Urz\u00e1iz 97 2\u00baC36204Vigo, PontevedraESPA\u00d1A Direcci\u00f3n electr\u00f3nica: dario@microtactics.net \u00a0Legislaci\u00f3n aplicable: REGLAMENTO (UE) 2016\/679 DEL PARLAMENTO EUROPEO Y DEL CONSEJO de 27 de abril de 2016 relativo a la protecci\u00f3n de las personas f\u00edsicas en lo que respecta al tratamiento de datos [&hellip;]<\/p>\n","protected":false},"author":1,"featured_media":2639,"parent":0,"menu_order":0,"comment_status":"closed","ping_status":"closed","template":"","meta":{"_et_pb_use_builder":"on","_et_pb_old_content":"","_et_gb_content_width":"","om_disable_all_campaigns":false,"_monsterinsights_skip_tracking":false,"_monsterinsights_sitenote_active":false,"_monsterinsights_sitenote_note":"","_monsterinsights_sitenote_category":0,"_uf_show_specific_survey":0,"_uf_disable_surveys":false,"footnotes":""},"class_list":["post-285","page","type-page","status-publish","has-post-thumbnail","hentry"],"jetpack_sharing_enabled":true,"_links":{"self":[{"href":"https:\/\/microtactics.net\/es\/wp-json\/wp\/v2\/pages\/285","targetHints":{"allow":["GET"]}}],"collection":[{"href":"https:\/\/microtactics.net\/es\/wp-json\/wp\/v2\/pages"}],"about":[{"href":"https:\/\/microtactics.net\/es\/wp-json\/wp\/v2\/types\/page"}],"author":[{"embeddable":true,"href":"https:\/\/microtactics.net\/es\/wp-json\/wp\/v2\/users\/1"}],"replies":[{"embeddable":true,"href":"https:\/\/microtactics.net\/es\/wp-json\/wp\/v2\/comments?post=285"}],"version-history":[{"count":0,"href":"https:\/\/microtactics.net\/es\/wp-json\/wp\/v2\/pages\/285\/revisions"}],"wp:featuredmedia":[{"embeddable":true,"href":"https:\/\/microtactics.net\/es\/wp-json\/wp\/v2\/media\/2639"}],"wp:attachment":[{"href":"https:\/\/microtactics.net\/es\/wp-json\/wp\/v2\/media?parent=285"}],"curies":[{"name":"wp","href":"https:\/\/api.w.org\/{rel}","templated":true}]}}