{"id":291,"date":"2023-07-13T10:34:20","date_gmt":"2023-07-13T10:34:20","guid":{"rendered":"https:\/\/microtactics.net\/?page_id=291"},"modified":"2024-04-17T11:48:09","modified_gmt":"2024-04-17T11:48:09","slug":"aviso-legal","status":"publish","type":"page","link":"https:\/\/microtactics.net\/es\/aviso-legal\/","title":{"rendered":"Aviso Legal"},"content":{"rendered":"\n[et_pb_section fb_built=\u00bb1&#8243; _builder_version=\u00bb4.21.0&#8243; _module_preset=\u00bbdefault\u00bb background_image=\u00bbhttps:\/\/microtactics.net\/wp-content\/uploads\/2023\/07\/tom-coomer-de0P588zgls-unsplash-scaled-1.jpg\u00bb height_last_edited=\u00bboff|desktop\u00bb custom_margin=\u00bb0px||0px||false|false\u00bb custom_padding=\u00bb18vw||10vw||false|false\u00bb animation_direction=\u00bbbottom\u00bb global_colors_info=\u00bb{}\u00bb][et_pb_row _builder_version=\u00bb4.21.0&#8243; _module_preset=\u00bbdefault\u00bb width=\u00bb36vw\u00bb module_alignment=\u00bbcenter\u00bb global_colors_info=\u00bb{}\u00bb][et_pb_column type=\u00bb4_4&#8243; _builder_version=\u00bb4.21.0&#8243; _module_preset=\u00bbdefault\u00bb global_colors_info=\u00bb{}\u00bb][et_pb_text _builder_version=\u00bb4.21.0&#8243; _module_preset=\u00bbdefault\u00bb header_font=\u00bbManrope|600|||||||\u00bb header_text_align=\u00bbcenter\u00bb header_text_color=\u00bb#FFFFFF\u00bb header_font_size=\u00bb3.4vw\u00bb header_line_height=\u00bb1.1em\u00bb background_color=\u00bb#5390a0&#8243; custom_margin=\u00bb0px||0px||false|false\u00bb custom_padding=\u00bb5vw|4vw|5vw|4vw|true|true\u00bb custom_padding_tablet=\u00bb28px|60px|28px|60px|true|true\u00bb custom_padding_phone=\u00bb15px|30px|15px|30px|true|true\u00bb custom_padding_last_edited=\u00bboff|desktop\u00bb animation_direction=\u00bbbottom\u00bb header_font_size_tablet=\u00bb38px\u00bb header_font_size_phone=\u00bb18px\u00bb header_font_size_last_edited=\u00bbon|tablet\u00bb global_colors_info=\u00bb{}\u00bb]<h1>Aviso Legal<\/h1>[\/et_pb_text][\/et_pb_column][\/et_pb_row][\/et_pb_section][et_pb_section fb_built=\u00bb1&#8243; custom_padding_last_edited=\u00bbon|phone\u00bb _builder_version=\u00bb4.21.0&#8243; _module_preset=\u00bbdefault\u00bb background_color=\u00bbrgba(223,230,243,0.33)\u00bb custom_padding=\u00bb3vw||4vw||false|false\u00bb custom_padding_tablet=\u00bb3vw||4vw||false|false\u00bb custom_padding_phone=\u00bb2vw||3vw||false|false\u00bb global_colors_info=\u00bb{}\u00bb][et_pb_row _builder_version=\u00bb4.21.0&#8243; _module_preset=\u00bbdefault\u00bb width=\u00bb85vw\u00bb width_tablet=\u00bb90vw\u00bb width_phone=\u00bb90vw\u00bb width_last_edited=\u00bbon|phone\u00bb max_width=\u00bb85vw\u00bb max_width_tablet=\u00bb90vw\u00bb max_width_phone=\u00bb90vw\u00bb max_width_last_edited=\u00bbon|tablet\u00bb hover_enabled=\u00bb0&#8243; global_colors_info=\u00bb{}\u00bb sticky_enabled=\u00bb0&#8243;][et_pb_column type=\u00bb4_4&#8243; _builder_version=\u00bb4.21.0&#8243; _module_preset=\u00bbdefault\u00bb global_colors_info=\u00bb{}\u00bb][et_pb_text _builder_version=\u00bb4.21.0&#8243; _module_preset=\u00bbdefault\u00bb text_font=\u00bbManrope||||||||\u00bb text_text_color=\u00bb#000000&#8243; text_font_size=\u00bb1vw\u00bb text_line_height=\u00bb1.3em\u00bb ul_line_height=\u00bb1.5em\u00bb custom_padding=\u00bb||||false|false\u00bb custom_padding_phone=\u00bb2vw||3vw||false|false\u00bb custom_padding_last_edited=\u00bboff|desktop\u00bb hover_enabled=\u00bb0&#8243; text_font_size_tablet=\u00bb2.6vw\u00bb text_font_size_phone=\u00bb4.7vw\u00bb text_font_size_last_edited=\u00bbon|phone\u00bb global_colors_info=\u00bb{}\u00bb background_enable_color=\u00bboff\u00bb sticky_enabled=\u00bb0&#8243;]<p><strong>Informaci\u00f3n general:<\/strong><\/p>\n<p>Dar\u00edo G\u00f3mez Gonz\u00e1lez, con NIF 39485101N, que presta sus servicios bajo el nombre comercial Microtactics, como responsable de este sitio web, pone a disposici\u00f3n de los usuarios el presente documento con el que pretende dar cumplimiento a las obligaciones dispuestas en la Ley 34\/2002, de Servicios de la Sociedad de la Informaci\u00f3n (LSSI), en particular, conforme a lo dispuesto en su art\u00edculo 10, este sitio web ofrece a los usuarios o destinatarios del servicio y a los \u00f3rganos competentes, la siguiente informaci\u00f3n de forma permanente, f\u00e1cil, directa y gratuita:<\/p>\n<ul>\n<li>Titular del sitio web: Dar\u00edo G\u00f3mez Gonz\u00e1lez<\/li>\n<li>I.F.: 39485101N<\/li>\n<li>Domicilio a efectos de notificaciones: C\/Urzaiz 97 2\u00baC<\/li>\n<li>Correo electr\u00f3nico a efectos de notificaciones: dario@microtactics.net<\/li>\n<li>Tel\u00e9fono de contacto: (+34) 626 24 12 38<\/li>\n<\/ul>\n<p><strong>Responsabilidad sobre el contenido:<\/strong><\/p>\n<p>Microtactics no es responsable de cualquier da\u00f1o directo o indirecto que pueda ocasionar la exactitud, integridad o veracidad de dicha informaci\u00f3n, as\u00ed como tampoco del uso del contenido o elementos de este sitio web.<\/p>\n<p><strong>\u00a0<\/strong><strong>Responsabilidad sobre enlaces e informaciones de terceros:<\/strong><\/p>\n<p>Microtactics declara que podr\u00e1 incluir informaci\u00f3n sobre terceros de modo que complemente la informaci\u00f3n de sus servicios. En cumplimiento del art\u00edculo 17 de la Ley 34\/2002 de Servicios de la Sociedad de la Informaci\u00f3n y del Comercio Electr\u00f3nico (LSSI), la presente p\u00e1gina web declara que no tiene responsabilidad sobre los enlaces facilitados a otros contenidos o que incluyan en los suyos directorios o instrumentos de b\u00fasqueda de contenidos: Excepto tenga conocimiento efectivo de que la actividad o la informaci\u00f3n a la que remiten o recomiendan es il\u00edcita o de que lesiona bienes o derechos de un tercero susceptibles de indemnizaci\u00f3n, o act\u00fae con diligencia para suprimir o inutilizar el enlace correspondiente.<\/p>\n<p><strong>\u00a0<\/strong><strong>Responsabilidad por el funcionamiento del sitio web:<\/strong><\/p>\n<p>Este sitio web ha sido revisado y probado para que funcione correctamente. No obstante, Titular del sitio web no descarta la posibilidad de que existan ciertos errores de programaci\u00f3n, o que acontezcan causas de fuerza mayor que hagan inaccesible la p\u00e1gina web.<\/p>\n<p><strong>\u00a0<\/strong><strong>Condiciones de utilizaci\u00f3n del sitio web:<\/strong><\/p>\n<p>La utilizaci\u00f3n del sitio web o su navegaci\u00f3n no conlleva la obligatoriedad de inscripci\u00f3n o registro del usuario, \u00e9sta tan s\u00f3lo ser\u00e1 necesaria para la solicitud de informaci\u00f3n. Las condiciones de acceso y uso del sitio web de Microtactics se rigen estrictamente por la legalidad vigente y por el principio de buena fe, comprometi\u00e9ndose el usuario a realizar un buen uso del sitio web. Quedan por tanto prohibidos todos los actos que vulneren la legalidad, derechos o intereses de terceros.<\/p>\n<p><strong>\u00a0<\/strong><strong>Finalidad del sitio web:<\/strong><\/p>\n<p>La finalidad del sitio web es la de informar de los productos y servicios relacionados con su actividad empresarial.<\/p>\n<p><strong>\u00a0<\/strong><strong>Propiedad Intelectual:<\/strong><\/p>\n<p>Titular del sitio web es titular de los derechos de propiedad intelectual sobre los contenidos o elementos de este sitio web, o dispone de los permisos necesarios para su utilizaci\u00f3n. Cualquier acci\u00f3n que implique la reproducci\u00f3n, comunicaci\u00f3n p\u00fablica, distribuci\u00f3n o transformaci\u00f3n, as\u00ed como cualquier otra forma de explotaci\u00f3n econ\u00f3mica de todo o parte de dichos contenidos o elementos, realizado bajo cualquier forma o mediante cualquier medio, requerir\u00e1 el consentimiento previo y por escrito de Titular del sitio web, salvo que el usuario pueda acreditar de modo fehaciente disponer del correspondiente derecho de propiedad intelectual o de la habilitaci\u00f3n necesaria. Para realizar cualquier tipo de observaci\u00f3n respecto a posibles incumplimientos de los derechos de propiedad intelectual o industrial, as\u00ed como sobre cualquiera de los contenidos del sitio web, puede hacerlo a trav\u00e9s del siguiente correo electr\u00f3nico direcci\u00f3n de email.<\/p>\n<p><strong>\u00a0<\/strong><strong>Aceptaci\u00f3n y modificaciones en el aviso legal:<\/strong><\/p>\n<p>Microtactics podr\u00e1 realizar cuantas modificaciones considere necesarias sobre el contenido de este sitio web sin previo aviso, tanto en lo referente a la informaci\u00f3n de sus productos o servicios como en relaci\u00f3n con cualquier otro elemento que forme parte de este. El contenido de este sitio web es informativo, por lo que Microtactics no otorga garant\u00eda alguna sobre la exactitud, integridad o veracidad de la informaci\u00f3n, propia o de terceros, contenida en este sitio web. Los usuarios que deseen solicitar informaci\u00f3n a trav\u00e9s de la presente p\u00e1gina web deber\u00e1n leer y aceptar lo dispuesto en el presente aviso legal.<\/p>\n<p><strong>\u00a0<\/strong><strong>Tribunal Competente y Ley aplicable:<\/strong><\/p>\n<p>Ante cualquier discrepancia surgida por los productos y servicios que ofrece Microtactics tendr\u00e1n competencia los Juzgados y Tribunales de Vigo, Pontevedra, siempre y cuando est\u00e9 permitida esta sumisi\u00f3n expresa, salvo que corresponda otro foro por la condici\u00f3n de consumidor de la persona usuaria.<\/p>[\/et_pb_text][\/et_pb_column][\/et_pb_row][\/et_pb_section]\n","protected":false},"excerpt":{"rendered":"<p>Aviso LegalInformaci\u00f3n general: Dar\u00edo G\u00f3mez Gonz\u00e1lez, con NIF 39485101N, que presta sus servicios bajo el nombre comercial Microtactics, como responsable de este sitio web, pone a disposici\u00f3n de los usuarios el presente documento con el que pretende dar cumplimiento a las obligaciones dispuestas en la Ley 34\/2002, de Servicios de la Sociedad de la Informaci\u00f3n [&hellip;]<\/p>\n","protected":false},"author":1,"featured_media":2639,"parent":0,"menu_order":0,"comment_status":"closed","ping_status":"closed","template":"","meta":{"_et_pb_use_builder":"on","_et_pb_old_content":"<!-- wp:divi\/placeholder \/-->","_et_gb_content_width":"","om_disable_all_campaigns":false,"_monsterinsights_skip_tracking":false,"_monsterinsights_sitenote_active":false,"_monsterinsights_sitenote_note":"","_monsterinsights_sitenote_category":0,"_uf_show_specific_survey":0,"_uf_disable_surveys":false,"footnotes":""},"class_list":["post-291","page","type-page","status-publish","has-post-thumbnail","hentry"],"jetpack_sharing_enabled":true,"_links":{"self":[{"href":"https:\/\/microtactics.net\/es\/wp-json\/wp\/v2\/pages\/291","targetHints":{"allow":["GET"]}}],"collection":[{"href":"https:\/\/microtactics.net\/es\/wp-json\/wp\/v2\/pages"}],"about":[{"href":"https:\/\/microtactics.net\/es\/wp-json\/wp\/v2\/types\/page"}],"author":[{"embeddable":true,"href":"https:\/\/microtactics.net\/es\/wp-json\/wp\/v2\/users\/1"}],"replies":[{"embeddable":true,"href":"https:\/\/microtactics.net\/es\/wp-json\/wp\/v2\/comments?post=291"}],"version-history":[{"count":0,"href":"https:\/\/microtactics.net\/es\/wp-json\/wp\/v2\/pages\/291\/revisions"}],"wp:featuredmedia":[{"embeddable":true,"href":"https:\/\/microtactics.net\/es\/wp-json\/wp\/v2\/media\/2639"}],"wp:attachment":[{"href":"https:\/\/microtactics.net\/es\/wp-json\/wp\/v2\/media?parent=291"}],"curies":[{"name":"wp","href":"https:\/\/api.w.org\/{rel}","templated":true}]}}